{"id":8376,"date":"2021-05-17T11:01:12","date_gmt":"2021-05-24T08:19:21","guid":{"rendered":"https:\/\/www.grandesassisesamp2022.com\/produit\/grande-conversacao\/"},"modified":"2022-03-26T00:20:25","modified_gmt":"2022-03-25T23:20:25","slug":"grande-conversacao","status":"publish","type":"product","link":"https:\/\/www.grandesassisesamp2022.com\/pt-br\/produit\/grande-conversacao\/","title":{"rendered":"Grande conversa\u00e7\u00e3o"},"content":{"rendered":"<p>A Grande Conversa\u00e7\u00e3o Virtual da AMP 2022 se dirige a todos os membros da AMP e a todos que se interessam pela psican\u00e1lise.<\/p>\n<p><strong>Fecho das inscri\u00e7\u00f5es \u00e0 meia-noite de 25 de Mar\u00e7o<\/strong><\/p>\n","protected":false},"excerpt":{"rendered":"<p>A Grande Conversa\u00e7\u00e3o Virtual da AMP 2022 se dirige a todos os membros da AMP e a todos que se interessam pela psican\u00e1lise. Fecho das inscri\u00e7\u00f5es \u00e0 meia-noite de 25 de Mar\u00e7o<\/p>\n","protected":false},"featured_media":8438,"template":"","meta":{"neve_meta_sidebar":"","neve_meta_container":"","neve_meta_enable_content_width":"off","neve_meta_content_width":0,"neve_meta_title_alignment":"","neve_meta_author_avatar":"","neve_post_elements_order":"","neve_meta_disable_header":"","neve_meta_disable_footer":"","neve_meta_disable_title":""},"product_cat":[121],"product_tag":[],"class_list":["post-8376","product","type-product","status-publish","has-post-thumbnail","hentry","product_cat-amp-2022-pt-br"],"acf":[],"yoast_head":"<!-- This site is optimized with the Yoast SEO plugin v20.1 - https:\/\/yoast.com\/wordpress\/plugins\/seo\/ -->\n<title>Grande conversa\u00e7\u00e3o - Grandes assises AMP 2022<\/title>\n<meta name=\"robots\" content=\"index, follow, max-snippet:-1, max-image-preview:large, max-video-preview:-1\" \/>\n<link rel=\"canonical\" href=\"https:\/\/www.grandesassisesamp2022.com\/pt-br\/produit\/grande-conversacao\/\" \/>\n<meta property=\"og:locale\" content=\"pt_BR\" \/>\n<meta property=\"og:type\" content=\"article\" \/>\n<meta property=\"og:title\" content=\"Grande conversa\u00e7\u00e3o - Grandes assises AMP 2022\" \/>\n<meta property=\"og:description\" content=\"A Grande Conversa\u00e7\u00e3o Virtual da AMP 2022 se dirige a todos os membros da AMP e a todos que se interessam pela psican\u00e1lise. Fecho das inscri\u00e7\u00f5es \u00e0 meia-noite de 25 de Mar\u00e7o\" \/>\n<meta property=\"og:url\" content=\"https:\/\/www.grandesassisesamp2022.com\/pt-br\/produit\/grande-conversacao\/\" \/>\n<meta property=\"og:site_name\" content=\"Grandes assises AMP 2022\" \/>\n<meta property=\"article:modified_time\" content=\"2022-03-25T23:20:25+00:00\" \/>\n<meta property=\"og:image\" content=\"https:\/\/www.grandesassisesamp2022.com\/wp-content\/uploads\/2021\/05\/argument1-CA-FR_Page_1.png\" \/>\n\t<meta property=\"og:image:width\" content=\"1191\" \/>\n\t<meta property=\"og:image:height\" content=\"1684\" \/>\n\t<meta property=\"og:image:type\" content=\"image\/png\" \/>\n<meta name=\"twitter:card\" content=\"summary_large_image\" \/>\n<script type=\"application\/ld+json\" class=\"yoast-schema-graph\">{\"@context\":\"https:\/\/schema.org\",\"@graph\":[{\"@type\":\"WebPage\",\"@id\":\"https:\/\/www.grandesassisesamp2022.com\/pt-br\/produit\/grande-conversacao\/\",\"url\":\"https:\/\/www.grandesassisesamp2022.com\/pt-br\/produit\/grande-conversacao\/\",\"name\":\"Grande conversa\u00e7\u00e3o - Grandes assises AMP 2022\",\"isPartOf\":{\"@id\":\"https:\/\/www.grandesassisesamp2022.com\/#website\"},\"datePublished\":\"2021-05-24T08:19:21+00:00\",\"dateModified\":\"2022-03-25T23:20:25+00:00\",\"breadcrumb\":{\"@id\":\"https:\/\/www.grandesassisesamp2022.com\/pt-br\/produit\/grande-conversacao\/#breadcrumb\"},\"inLanguage\":\"pt-BR\",\"potentialAction\":[{\"@type\":\"ReadAction\",\"target\":[\"https:\/\/www.grandesassisesamp2022.com\/pt-br\/produit\/grande-conversacao\/\"]}]},{\"@type\":\"BreadcrumbList\",\"@id\":\"https:\/\/www.grandesassisesamp2022.com\/pt-br\/produit\/grande-conversacao\/#breadcrumb\",\"itemListElement\":[{\"@type\":\"ListItem\",\"position\":1,\"name\":\"Accueil\",\"item\":\"https:\/\/www.grandesassisesamp2022.com\/pt-br\/\"},{\"@type\":\"ListItem\",\"position\":2,\"name\":\"Loja\",\"item\":\"https:\/\/www.grandesassisesamp2022.com\/pt-br\/loja\/\"},{\"@type\":\"ListItem\",\"position\":3,\"name\":\"Grande conversa\u00e7\u00e3o\"}]},{\"@type\":\"WebSite\",\"@id\":\"https:\/\/www.grandesassisesamp2022.com\/#website\",\"url\":\"https:\/\/www.grandesassisesamp2022.com\/\",\"name\":\"Grandes assises AMP 2022\",\"description\":\"Paris\",\"potentialAction\":[{\"@type\":\"SearchAction\",\"target\":{\"@type\":\"EntryPoint\",\"urlTemplate\":\"https:\/\/www.grandesassisesamp2022.com\/?s={search_term_string}\"},\"query-input\":\"required name=search_term_string\"}],\"inLanguage\":\"pt-BR\"}]}<\/script>\n<!-- \/ Yoast SEO plugin. -->","yoast_head_json":{"title":"Grande conversa\u00e7\u00e3o - Grandes assises AMP 2022","robots":{"index":"index","follow":"follow","max-snippet":"max-snippet:-1","max-image-preview":"max-image-preview:large","max-video-preview":"max-video-preview:-1"},"canonical":"https:\/\/www.grandesassisesamp2022.com\/pt-br\/produit\/grande-conversacao\/","og_locale":"pt_BR","og_type":"article","og_title":"Grande conversa\u00e7\u00e3o - Grandes assises AMP 2022","og_description":"A Grande Conversa\u00e7\u00e3o Virtual da AMP 2022 se dirige a todos os membros da AMP e a todos que se interessam pela psican\u00e1lise. Fecho das inscri\u00e7\u00f5es \u00e0 meia-noite de 25 de Mar\u00e7o","og_url":"https:\/\/www.grandesassisesamp2022.com\/pt-br\/produit\/grande-conversacao\/","og_site_name":"Grandes assises AMP 2022","article_modified_time":"2022-03-25T23:20:25+00:00","og_image":[{"width":1191,"height":1684,"url":"https:\/\/www.grandesassisesamp2022.com\/wp-content\/uploads\/2021\/05\/argument1-CA-FR_Page_1.png","type":"image\/png"}],"twitter_card":"summary_large_image","schema":{"@context":"https:\/\/schema.org","@graph":[{"@type":"WebPage","@id":"https:\/\/www.grandesassisesamp2022.com\/pt-br\/produit\/grande-conversacao\/","url":"https:\/\/www.grandesassisesamp2022.com\/pt-br\/produit\/grande-conversacao\/","name":"Grande conversa\u00e7\u00e3o - Grandes assises AMP 2022","isPartOf":{"@id":"https:\/\/www.grandesassisesamp2022.com\/#website"},"datePublished":"2021-05-24T08:19:21+00:00","dateModified":"2022-03-25T23:20:25+00:00","breadcrumb":{"@id":"https:\/\/www.grandesassisesamp2022.com\/pt-br\/produit\/grande-conversacao\/#breadcrumb"},"inLanguage":"pt-BR","potentialAction":[{"@type":"ReadAction","target":["https:\/\/www.grandesassisesamp2022.com\/pt-br\/produit\/grande-conversacao\/"]}]},{"@type":"BreadcrumbList","@id":"https:\/\/www.grandesassisesamp2022.com\/pt-br\/produit\/grande-conversacao\/#breadcrumb","itemListElement":[{"@type":"ListItem","position":1,"name":"Accueil","item":"https:\/\/www.grandesassisesamp2022.com\/pt-br\/"},{"@type":"ListItem","position":2,"name":"Loja","item":"https:\/\/www.grandesassisesamp2022.com\/pt-br\/loja\/"},{"@type":"ListItem","position":3,"name":"Grande conversa\u00e7\u00e3o"}]},{"@type":"WebSite","@id":"https:\/\/www.grandesassisesamp2022.com\/#website","url":"https:\/\/www.grandesassisesamp2022.com\/","name":"Grandes assises AMP 2022","description":"Paris","potentialAction":[{"@type":"SearchAction","target":{"@type":"EntryPoint","urlTemplate":"https:\/\/www.grandesassisesamp2022.com\/?s={search_term_string}"},"query-input":"required name=search_term_string"}],"inLanguage":"pt-BR"}]}},"_links":{"self":[{"href":"https:\/\/www.grandesassisesamp2022.com\/pt-br\/wp-json\/wp\/v2\/product\/8376","targetHints":{"allow":["GET"]}}],"collection":[{"href":"https:\/\/www.grandesassisesamp2022.com\/pt-br\/wp-json\/wp\/v2\/product"}],"about":[{"href":"https:\/\/www.grandesassisesamp2022.com\/pt-br\/wp-json\/wp\/v2\/types\/product"}],"wp:featuredmedia":[{"embeddable":true,"href":"https:\/\/www.grandesassisesamp2022.com\/pt-br\/wp-json\/wp\/v2\/media\/8438"}],"wp:attachment":[{"href":"https:\/\/www.grandesassisesamp2022.com\/pt-br\/wp-json\/wp\/v2\/media?parent=8376"}],"wp:term":[{"taxonomy":"product_cat","embeddable":true,"href":"https:\/\/www.grandesassisesamp2022.com\/pt-br\/wp-json\/wp\/v2\/product_cat?post=8376"},{"taxonomy":"product_tag","embeddable":true,"href":"https:\/\/www.grandesassisesamp2022.com\/pt-br\/wp-json\/wp\/v2\/product_tag?post=8376"}],"curies":[{"name":"wp","href":"https:\/\/api.w.org\/{rel}","templated":true}]}}