{"id":8979,"date":"2021-05-31T23:33:20","date_gmt":"2021-05-31T21:33:20","guid":{"rendered":"https:\/\/www.grandesassisesamp2022.com\/acolhimento\/o-time\/"},"modified":"2022-04-08T11:45:06","modified_gmt":"2022-04-08T09:45:06","slug":"o-time","status":"publish","type":"page","link":"https:\/\/www.grandesassisesamp2022.com\/pt-br\/acolhimento\/o-time\/","title":{"rendered":"O Time"},"content":{"rendered":"\n<p>A Grande Conversa\u00e7\u00e3o se prepara. Ela convoca um team numeroso, bem decidido a fazer deste acontecimento uma grande festa da psican\u00e1lise. Eis aqui o detalhe de sua composi\u00e7\u00e3o. \n\n<\/p>\n\n\n\n<p><strong>PRESIDENTE DA AMP<\/strong><\/p>\n\n\n\n<p>Angelina Harari<\/p>\n\n\n\n<p><strong>DIRE\u00c7\u00c3O DA GRANDE CONVERSA\u00c7\u00c3O<\/strong><\/p>\n\n\n\n<p>Diretora :&nbsp;Christiane Alberti <br>Diretores-adjuntos&nbsp;: Ana\u00eblle Lebovits-Quenehen e Laurent Dumoulin<\/p>\n\n\n\n<p><strong>CONSELHO CIENT\u00cdFICO&nbsp;<\/strong><\/p>\n\n\n\n<p>Jacques-Alain Miller <br>Angelina Harari<\/p>\n\n\n\n<p><strong>CONSELHEIROS ESPECIAIS &nbsp;<\/strong><\/p>\n\n\n\n<p>Silvia Baudini e Fabi\u00e1n Naparstek<\/p>\n\n\n\n<p><strong>COMISS\u00c3O DE ORGANIZA\u00c7\u00c3O &nbsp;<\/strong><\/p>\n\n\n\n<p>. Secretariado geral\u00a0: Alice Delarue (respons\u00e1vel) \/ Herv\u00e9 Damase \/\u00a0Marco Moretti \/ Anne-C\u00e9cile Le Cornec \/ Paula Galhardo \/ Adriana Campos \/ S\u00e9bastien Dauguet \/ Barbara Bertoni \/ Mauricio Diament \/ Dario Alaparone<br>. Tesoureiro\u00a0:\u00a0Jean-Philippe Parchliniak<br>. Correspondentes\u00a0: Montserrat Puig (ELP), Martine Versel (ECF), Marina Frangiadaki (NLS), Alba Alfaro\u00a0(NEL), Adele Succetti\u00a0(SLP), Simone Souto (EBP), Marina Recalde (EOL) <br>. Organiza\u00e7\u00e3o na \u00ab Mutualit\u00e9 \u00bb : Fr\u00e9d\u00e9rique Bouvet (respons\u00e1vel)<br>. Equipe prospectiva\u00a0videoconfer\u00eancia\u00a0:\u00a0Mauricio Diament\u00a0\/ Alexandre Gouthi\u00e8re \/ Cl\u00e9ment Marmot \/ Cecila\u00a0Naranjo \/ Victor Rodriguez\u00a0\/ Mathieu Siriot<br>. Tradu\u00e7\u00e3o \u2013 Communication : Marga Aur\u00e9 <br>Ingl\u00eas\/franc\u00eas-franc\u00eas\/ingl\u00eas : Joanne Conway (respons\u00e1vel), Raphael Montague, Bogdan Wolf, Samya Seth, Catherine Massol, Colette Richard, Pamela King, Susan McFeely <br>Franc\u00eas\/espanhol : Carmen Cu\u00f1at (respons\u00e1vel), Miriam Chorne, Rosa Dura, Julia Gutierrez, Mariam Martin, Sandra Reznak <br>Portugu\u00eas\/franc\u00eas-franc\u00eas\/portugu\u00eas : Vera Avellar Ribeiro (respons\u00e1vel), Raphael Montague, Bogdan Wolf, Samya Seth, Catherine Massol, Colette Richard, Pamela King, Susan McFeely <br>Italiano\/franc\u00eas-franc\u00eas\/italiano : Roberta La Barbera (respons\u00e1vel), Francesca Carmignani, Gabriele Grisolia, Rachele Giuntoli, Laura Pacati, Ilaria Papandrea, Dario Alparone<br>Franc\u00eas\/espanhol : Adela Bande-Alcantud (respons\u00e1vel), Ana Ines Vasquez, Claudia Vilela, Isabelle Ramirez, Isabelle Magne, Eliane Calvet, Eduardo Scarone, Vanessa Bartholoma\u00ef <br>. Tradu\u00e7\u00e3o \u2013 Grandes Assises\u00a0:\u00a0Virginie Leblanc<br>. Livraria\u00a0:\u00a0Pascale Fari (respons\u00e1vel) \/ Dominique-Paul Rousseau (assistente) \/ Juliane Magda Casarin, Isabelle Chevrier, Gabrielle Vivier <br>. Documentos impressos\u00a0:\u00a0Adela Alcantud\u00a0(respons\u00e1vel) \/\u00a0Antoine Chauvin et \u00c9lise Etchamendy (releitores)<br>. Equipe Zoom : Anne Colombel-Plouzennec (respons\u00e1vel) \/ Maria Novaes, Francine Danniau, Dario Alparone, Luis Iriarte P\u00e9rez\/<br><em>Hotline<\/em> : Agathe Sultan \/ Ana Iba\u00f1ez \/ Andrea Souza Paleari \/ Andr\u00e9a Zuniga \/ Antoine Combaud \/ Arunava Banerjee \/ Carolina Papandrea \/ Leonardo Scofield \/ Luis Iriarte \/ Magnolia Gonz\u00e1lez \/ Maitena de Zabaleta \/ Norma Lafuente Balverdi \/ Paula Pimenta \/ Sofia Guaraguara \/\u00a0Thomas Daigueperce \/ Victor Rodriguez<br><em>Hotline<\/em> 19-20 mars : Adriana Campos \/ Bruno Alivon \/ Eduardo Scarone \/ Patrick Almeida \/ Romain-Pierre Renou \/ Valentina La Rosa<br><em>Zoom<\/em> : Carina Arantes Farias \/ Chrysa Karientidou \/ Cinthya Estrada \/ Cynthia Gon\u00e7alves Gindro \/ Daniela Dighero \/ Dario Alparone \/ Eleonora Renna \/ Jesica Varela \/ Juan Vicente Carillo \/ Liliana Rodriguez Zambrano \/ Maria Novaes \/ Marie Paz Rodriguez \/ Nayahra Reis \/ Nohem\u00ed Brown \/ Pablo Reyes \/ Paola Gonzales \/ Sylvie Goumet \/ Thomas Daigueperce<br><em>Tradu\u00e7\u00e3o<\/em> : Andr\u00e9a Zuniga \/ Armando Manzan\u00e1rez \/ Camila Ventura De Kerdrec \/ Catery Tato \/ C\u00e9line Menghi \/ Diego Martin Tagliaferri \/\u00a0Fernanda Arioli \/ Gabriela Pazmi\u00f1o \/ Hector Garcia \/ Jesica Varela \/ Jos\u00e9 Altamirano \/ Maria Laura Tkach \/ Marina Valle \/ Mary Nicotra \/ Micaela Frattura \/ Mihalis Manoussakis \/ Paola Salinas \/ Silvana Belmudes<br>. Coordena\u00e7\u00e3o t\u00e9cnica : Mathieu Siriot (respons\u00e1vel) \/ C\u00e9cilia Naranjo \/ Bruna Meller \/ Romain-Pierre Renou \/ Barbara Bertoni \/ Marion Figarol \/ Guillermina Laferrara<br>. Comiss\u00e3o de boas vindas : Barbara Bertoni (respons\u00e1vel) \/ Sanaa Ziani \/ Camille Schuffenecker<br>. Sinaliza\u00e7\u00e3o : Beatriz Gonzalez-Renou<br>. Restaura\u00e7\u00e3o e hotel : V\u00e9ronique Outrebon avec Rosana Montani<br>. Recep\u00e7\u00e3o 19 e 20 de mar\u00e7o : Adela Bande-Alcantud \/ Aur\u00e9lie Charpentier-Libert \/ Dominique Corpelet \/ Martine Coussot \/ Herv\u00e9 Damase \/ Juliette Lauwers \/ Patricia Loubet \/ Isabelle Magne \/ Martine Marhadour \/ Maria Novaes \/ Claire Piette \/ Alain Revel \/ Pascale Rivals \/ Franck Rollier \/ Christelle Sandras \/ G\u00e9rard Seyeux \/ Vanessa Sudreau \/ Agathe Sultan \/ Agn\u00e8s Vign\u00e9-Camus \/ Victoria Woollard <br>. Recep\u00e7\u00e3o de 31 de mar\u00e7o a 3 de abril : Val\u00e9rie Bussi\u00e8res \/ Adriana Campos \/ Juliane Casarin \/ Junia Couto \/ Marie Faucher-Desjardins \/ Isadora Escossia \/ Elise Etchamendy \/ Laurence Maman \/ Elisabetta Milan-Fournier \/ Rosana Montani \/ Jorge Mourao \/ V\u00e9ronique Outrebon \/ Leander Mattioli Pasqual \/ Aur\u00e9lie-Flore Pascal \/ Soledad Pe\u00f1afiel \/ Andrea Orabona \/ Sissy Rapty \/ Geisiane Ribeiro.<br>. Goody bag\u00a0: Barbara Bertoni<br>. Time Surprise Party\u00a0: Andrea Orabona et Val\u00e9ria Sommer-Dupont (respons\u00e1veis), Carmen Carceller, Sandra Cisternas, Mar\u00eda Victoria Clavijo, Mauricio Diament, R\u00f4mulo Ferreira da Silva, Cl\u00e9ment Marmoz, Aurora Mastroleo, Celeste Vi\u00f1al, Adrien Will\u00e8me<\/p>\n\n\n\n<p><strong>COMISS\u00c3O EPISTEMOL\u00d3GICA E CL\u00cdNICA<\/strong><\/p>\n\n\n\n<p>. <em>Scilicet\u00a0<\/em>: cart\u00e9is internacionais <br>. Responsables\u00a0de\u00a0la\u00a0edici\u00f3n\u00a0:<br>ECF\u00a0: Fabian Fajnwaks<br><a href=\"https:\/\/www.grandesassisesamp2022.com\/volume-scilicet-team\/\" target=\"_blank\" rel=\"noreferrer noopener\">e sua equipe<\/a><br>ELP\u00a0: Vilma Coccoz<br>EOL\u00a0: Alejandra Glaze<br>NEL\u00a0: Felipe Maino <br><a href=\"https:\/\/www.grandesassisesamp2022.com\/es\/volume-scilicet-team\/\"><a href=\"https:\/\/www.grandesassisesamp2022.com\/volume-scilicet-team\/\" target=\"_blank\" rel=\"noreferrer noopener\">e sua equipe<\/a><\/a><br>EBP\u00a0: Ondina Machado et Camila Popadiuk<br><a href=\"https:\/\/www.grandesassisesamp2022.com\/pt-br\/volume-scilicet-team\/\" target=\"_blank\" rel=\"noreferrer noopener\"><\/a><a href=\"https:\/\/www.grandesassisesamp2022.com\/volume-scilicet-team\/\" target=\"_blank\" rel=\"noreferrer noopener\"><a href=\"https:\/\/www.grandesassisesamp2022.com\/volume-scilicet-team\/\" target=\"_blank\" rel=\"noreferrer noopener\">e sua equipe<\/a><\/a><br>NLS\u00a0: Pamela King<br><a href=\"https:\/\/www.grandesassisesamp2022.com\/en\/volume-scilicet-team\/\" target=\"_blank\" rel=\"noreferrer noopener\"><\/a><a href=\"https:\/\/www.grandesassisesamp2022.com\/volume-scilicet-team\/\" target=\"_blank\" rel=\"noreferrer noopener\"><a href=\"https:\/\/www.grandesassisesamp2022.com\/volume-scilicet-team\/\" target=\"_blank\" rel=\"noreferrer noopener\">e sua equipe<\/a><\/a><br>SLP\u00a0: Giulia Grillo,<br><a href=\"https:\/\/www.grandesassisesamp2022.com\/volume-scilicet-team\/\" target=\"_blank\" rel=\"noreferrer noopener\"><\/a><a href=\"https:\/\/www.grandesassisesamp2022.com\/volume-scilicet-team\/\" target=\"_blank\" rel=\"noreferrer noopener\"><a href=\"https:\/\/www.grandesassisesamp2022.com\/volume-scilicet-team\/\" target=\"_blank\" rel=\"noreferrer noopener\">e sua equipe<\/a><\/a>.<br>. Bibliografia : Philippe Hellebois, Marie Faucher, Anne-C\u00e9cile Le Cornec, Dominique Corpelet, Romain Aub\u00e9<br>. Simult\u00e2neas cl\u00ednicas : Guy Briole (gerente) avec Sonia Chiriaco et Camilo Ramirez<br>. Comiss\u00e3o leitura cl\u00ednica\u00a0: Elisa\u00a0Alvarenga, Ram Mandil,\u00a0Anamaris Pinto, Milena Crastelo, Marcus Andr\u00e9s Vieira.<\/p>\n\n\n\n<p><strong>COMUNICA\u00c7\u00c3O&nbsp;E DIFUS\u00c3O<\/strong><\/p>\n\n\n\n<p>. P\u00e1gina Web : Beno\u00eet Delarue (gerente) \/ Anne Colombel-Plouzennec \/ Aur\u00e9lie-Flore Pascal \/ H\u00e9l\u00e8ne Girard \/ Sophie Lemoine \/ Alexandre Gouthi\u00e8re \/ Dominique Rayneau.<\/p>\n\n\n\n<p>. Redes Sociais&nbsp; : Jean-Fran\u00e7ois Cottes \/ Patricia Wartelle \/ Penelope Fay \/ France Jaigu<br>Twitter&nbsp;: Jean-Fan\u00e7ois Cottes (respons\u00e1vel), Catherine Lacaze-Paule, Fran\u00e7ois Bony, Mario Elkin-Ramirez, Laura Valcarce, Valentina La Rosa, Xavier Giner Ponce, Marcia Stival Onyszkiewicz<br>Facebook&nbsp;: P\u00e9n\u00e9lope Fay (respons\u00e1vel), Violette Aym\u00e9, Cassandra Dias Farias, Rachele Giuntoli,&nbsp;Ana Cecilia Gonz\u00e1lez,&nbsp;Sofia Guaraguara, Fran\u00e7oise Haccoun,&nbsp;Wilson Lima, Lucia Malvisi,&nbsp;&nbsp;Esperanza Molleda, Peggy Papada, Manuela Simone, Athanasios Xafenias<br>Instagram&nbsp;: Patricia Wartelle (respons\u00e1vel), Eduardo Scarone, Ga\u00eblle Chamboncel, Milena Vicari Crastelo, Camila Popadiuk, Catery Tato, Maria Nicotra, Fany Miguens, Peggy Papada, Susana Schaer<\/p>\n\n\n\n<p>. Paris&nbsp;<em>n\u00e3o-toda<\/em>&nbsp;:&nbsp;&nbsp;France Jaigu.<\/p>\n\n\n\n<p>. Conceito e imagem : Laurence Martin.<\/p>\n\n\n\n<p>. Comiss\u00e3o imagens :&nbsp; Cl\u00e9ment Marmoz \/ Thomas Kusmierzyk.<\/p>\n\n\n\n<p>. Coordena\u00e7\u00e3o ACF : Martine Versel.<\/p>\n\n\n\n<p>. Institui\u00e7\u00f5es : Isabelle Magne \/ Pascale Rivals. <\/p>\n\n\n\n<p>. Parceiros : Justine Fournier (Cartaz) \u2013 Julien Moutaillier (Inform\u00e1tica).<\/p>\n","protected":false},"excerpt":{"rendered":"<p>A Grande Conversa\u00e7\u00e3o se prepara. Ela convoca um team numeroso, bem decidido a fazer deste acontecimento uma grande festa da psican\u00e1lise. Eis aqui o detalhe de sua composi\u00e7\u00e3o. PRESIDENTE DA AMP Angelina Harari DIRE\u00c7\u00c3O DA GRANDE CONVERSA\u00c7\u00c3O Diretora :&nbsp;Christiane Alberti Diretores-adjuntos&nbsp;: Ana\u00eblle Lebovits-Quenehen e Laurent Dumoulin CONSELHO CIENT\u00cdFICO&nbsp; Jacques-Alain Miller Angelina Harari CONSELHEIROS ESPECIAIS &nbsp;&hellip;&nbsp;<a href=\"https:\/\/www.grandesassisesamp2022.com\/pt-br\/acolhimento\/o-time\/\" class=\"\" rel=\"bookmark\">Read More &raquo;<span class=\"screen-reader-text\">O Time<\/span><\/a><\/p>\n","protected":false},"author":1,"featured_media":6515,"parent":7569,"menu_order":2,"comment_status":"closed","ping_status":"closed","template":"","meta":{"neve_meta_sidebar":"full-width","neve_meta_container":"","neve_meta_enable_content_width":"","neve_meta_content_width":0,"neve_meta_title_alignment":"","neve_meta_author_avatar":"","neve_post_elements_order":"","neve_meta_disable_header":"","neve_meta_disable_footer":"","neve_meta_disable_title":"","footnotes":""},"class_list":["post-8979","page","type-page","status-publish","has-post-thumbnail","hentry"],"acf":[],"yoast_head":"<!-- This site is optimized with the Yoast SEO plugin v20.1 - https:\/\/yoast.com\/wordpress\/plugins\/seo\/ -->\n<title>O Time - Grandes assises AMP 2022<\/title>\n<meta name=\"robots\" content=\"index, follow, max-snippet:-1, max-image-preview:large, max-video-preview:-1\" \/>\n<link rel=\"canonical\" href=\"https:\/\/www.grandesassisesamp2022.com\/pt-br\/acolhimento\/o-time\/\" \/>\n<meta property=\"og:locale\" content=\"pt_BR\" \/>\n<meta property=\"og:type\" content=\"article\" \/>\n<meta property=\"og:title\" content=\"O Time - Grandes assises AMP 2022\" \/>\n<meta property=\"og:description\" content=\"A Grande Conversa\u00e7\u00e3o se prepara. Ela convoca um team numeroso, bem decidido a fazer deste acontecimento uma grande festa da psican\u00e1lise. Eis aqui o detalhe de sua composi\u00e7\u00e3o. PRESIDENTE DA AMP Angelina Harari DIRE\u00c7\u00c3O DA GRANDE CONVERSA\u00c7\u00c3O Diretora :&nbsp;Christiane Alberti Diretores-adjuntos&nbsp;: Ana\u00eblle Lebovits-Quenehen e Laurent Dumoulin CONSELHO CIENT\u00cdFICO&nbsp; Jacques-Alain Miller Angelina Harari CONSELHEIROS ESPECIAIS &nbsp;&hellip;&nbsp;Read More &raquo;O Time\" \/>\n<meta property=\"og:url\" content=\"https:\/\/www.grandesassisesamp2022.com\/pt-br\/acolhimento\/o-time\/\" \/>\n<meta property=\"og:site_name\" content=\"Grandes assises AMP 2022\" \/>\n<meta property=\"article:modified_time\" content=\"2022-04-08T09:45:06+00:00\" \/>\n<meta property=\"og:image\" content=\"https:\/\/www.grandesassisesamp2022.com\/wp-content\/uploads\/2021\/04\/daniel-von-appen-4YmF6kHvees-unsplash-copie.jpg\" \/>\n\t<meta property=\"og:image:width\" content=\"1600\" \/>\n\t<meta property=\"og:image:height\" content=\"400\" \/>\n\t<meta property=\"og:image:type\" content=\"image\/jpeg\" \/>\n<meta name=\"twitter:card\" content=\"summary_large_image\" \/>\n<meta name=\"twitter:label1\" content=\"Est. tempo de leitura\" \/>\n\t<meta name=\"twitter:data1\" content=\"5 minutos\" \/>\n<script type=\"application\/ld+json\" class=\"yoast-schema-graph\">{\"@context\":\"https:\/\/schema.org\",\"@graph\":[{\"@type\":\"WebPage\",\"@id\":\"https:\/\/www.grandesassisesamp2022.com\/pt-br\/acolhimento\/o-time\/\",\"url\":\"https:\/\/www.grandesassisesamp2022.com\/pt-br\/acolhimento\/o-time\/\",\"name\":\"O Time - Grandes assises AMP 2022\",\"isPartOf\":{\"@id\":\"https:\/\/www.grandesassisesamp2022.com\/#website\"},\"datePublished\":\"2021-05-31T21:33:20+00:00\",\"dateModified\":\"2022-04-08T09:45:06+00:00\",\"breadcrumb\":{\"@id\":\"https:\/\/www.grandesassisesamp2022.com\/pt-br\/acolhimento\/o-time\/#breadcrumb\"},\"inLanguage\":\"pt-BR\",\"potentialAction\":[{\"@type\":\"ReadAction\",\"target\":[\"https:\/\/www.grandesassisesamp2022.com\/pt-br\/acolhimento\/o-time\/\"]}]},{\"@type\":\"BreadcrumbList\",\"@id\":\"https:\/\/www.grandesassisesamp2022.com\/pt-br\/acolhimento\/o-time\/#breadcrumb\",\"itemListElement\":[{\"@type\":\"ListItem\",\"position\":1,\"name\":\"Accueil\",\"item\":\"https:\/\/www.grandesassisesamp2022.com\/pt-br\/\"},{\"@type\":\"ListItem\",\"position\":2,\"name\":\"Acolhimento\",\"item\":\"https:\/\/www.grandesassisesamp2022.com\/pt-br\/\"},{\"@type\":\"ListItem\",\"position\":3,\"name\":\"O Time\"}]},{\"@type\":\"WebSite\",\"@id\":\"https:\/\/www.grandesassisesamp2022.com\/#website\",\"url\":\"https:\/\/www.grandesassisesamp2022.com\/\",\"name\":\"Grandes assises AMP 2022\",\"description\":\"Paris\",\"potentialAction\":[{\"@type\":\"SearchAction\",\"target\":{\"@type\":\"EntryPoint\",\"urlTemplate\":\"https:\/\/www.grandesassisesamp2022.com\/?s={search_term_string}\"},\"query-input\":\"required name=search_term_string\"}],\"inLanguage\":\"pt-BR\"}]}<\/script>\n<!-- \/ Yoast SEO plugin. -->","yoast_head_json":{"title":"O Time - Grandes assises AMP 2022","robots":{"index":"index","follow":"follow","max-snippet":"max-snippet:-1","max-image-preview":"max-image-preview:large","max-video-preview":"max-video-preview:-1"},"canonical":"https:\/\/www.grandesassisesamp2022.com\/pt-br\/acolhimento\/o-time\/","og_locale":"pt_BR","og_type":"article","og_title":"O Time - Grandes assises AMP 2022","og_description":"A Grande Conversa\u00e7\u00e3o se prepara. Ela convoca um team numeroso, bem decidido a fazer deste acontecimento uma grande festa da psican\u00e1lise. Eis aqui o detalhe de sua composi\u00e7\u00e3o. PRESIDENTE DA AMP Angelina Harari DIRE\u00c7\u00c3O DA GRANDE CONVERSA\u00c7\u00c3O Diretora :&nbsp;Christiane Alberti Diretores-adjuntos&nbsp;: Ana\u00eblle Lebovits-Quenehen e Laurent Dumoulin CONSELHO CIENT\u00cdFICO&nbsp; Jacques-Alain Miller Angelina Harari CONSELHEIROS ESPECIAIS &nbsp;&hellip;&nbsp;Read More &raquo;O Time","og_url":"https:\/\/www.grandesassisesamp2022.com\/pt-br\/acolhimento\/o-time\/","og_site_name":"Grandes assises AMP 2022","article_modified_time":"2022-04-08T09:45:06+00:00","og_image":[{"width":1600,"height":400,"url":"https:\/\/www.grandesassisesamp2022.com\/wp-content\/uploads\/2021\/04\/daniel-von-appen-4YmF6kHvees-unsplash-copie.jpg","type":"image\/jpeg"}],"twitter_card":"summary_large_image","twitter_misc":{"Est. tempo de leitura":"5 minutos"},"schema":{"@context":"https:\/\/schema.org","@graph":[{"@type":"WebPage","@id":"https:\/\/www.grandesassisesamp2022.com\/pt-br\/acolhimento\/o-time\/","url":"https:\/\/www.grandesassisesamp2022.com\/pt-br\/acolhimento\/o-time\/","name":"O Time - Grandes assises AMP 2022","isPartOf":{"@id":"https:\/\/www.grandesassisesamp2022.com\/#website"},"datePublished":"2021-05-31T21:33:20+00:00","dateModified":"2022-04-08T09:45:06+00:00","breadcrumb":{"@id":"https:\/\/www.grandesassisesamp2022.com\/pt-br\/acolhimento\/o-time\/#breadcrumb"},"inLanguage":"pt-BR","potentialAction":[{"@type":"ReadAction","target":["https:\/\/www.grandesassisesamp2022.com\/pt-br\/acolhimento\/o-time\/"]}]},{"@type":"BreadcrumbList","@id":"https:\/\/www.grandesassisesamp2022.com\/pt-br\/acolhimento\/o-time\/#breadcrumb","itemListElement":[{"@type":"ListItem","position":1,"name":"Accueil","item":"https:\/\/www.grandesassisesamp2022.com\/pt-br\/"},{"@type":"ListItem","position":2,"name":"Acolhimento","item":"https:\/\/www.grandesassisesamp2022.com\/pt-br\/"},{"@type":"ListItem","position":3,"name":"O Time"}]},{"@type":"WebSite","@id":"https:\/\/www.grandesassisesamp2022.com\/#website","url":"https:\/\/www.grandesassisesamp2022.com\/","name":"Grandes assises AMP 2022","description":"Paris","potentialAction":[{"@type":"SearchAction","target":{"@type":"EntryPoint","urlTemplate":"https:\/\/www.grandesassisesamp2022.com\/?s={search_term_string}"},"query-input":"required name=search_term_string"}],"inLanguage":"pt-BR"}]}},"_links":{"self":[{"href":"https:\/\/www.grandesassisesamp2022.com\/pt-br\/wp-json\/wp\/v2\/pages\/8979","targetHints":{"allow":["GET"]}}],"collection":[{"href":"https:\/\/www.grandesassisesamp2022.com\/pt-br\/wp-json\/wp\/v2\/pages"}],"about":[{"href":"https:\/\/www.grandesassisesamp2022.com\/pt-br\/wp-json\/wp\/v2\/types\/page"}],"author":[{"embeddable":true,"href":"https:\/\/www.grandesassisesamp2022.com\/pt-br\/wp-json\/wp\/v2\/users\/1"}],"replies":[{"embeddable":true,"href":"https:\/\/www.grandesassisesamp2022.com\/pt-br\/wp-json\/wp\/v2\/comments?post=8979"}],"version-history":[{"count":54,"href":"https:\/\/www.grandesassisesamp2022.com\/pt-br\/wp-json\/wp\/v2\/pages\/8979\/revisions"}],"predecessor-version":[{"id":17075,"href":"https:\/\/www.grandesassisesamp2022.com\/pt-br\/wp-json\/wp\/v2\/pages\/8979\/revisions\/17075"}],"up":[{"embeddable":true,"href":"https:\/\/www.grandesassisesamp2022.com\/pt-br\/wp-json\/wp\/v2\/pages\/7569"}],"wp:featuredmedia":[{"embeddable":true,"href":"https:\/\/www.grandesassisesamp2022.com\/pt-br\/wp-json\/wp\/v2\/media\/6515"}],"wp:attachment":[{"href":"https:\/\/www.grandesassisesamp2022.com\/pt-br\/wp-json\/wp\/v2\/media?parent=8979"}],"curies":[{"name":"wp","href":"https:\/\/api.w.org\/{rel}","templated":true}]}}