{"id":8409,"date":"2021-05-24T17:50:27","date_gmt":"2021-05-24T15:50:27","guid":{"rendered":"https:\/\/www.grandesassisesamp2022.com\/conditions-generales-de-vente\/"},"modified":"2021-05-24T17:51:31","modified_gmt":"2021-05-24T15:51:31","slug":"conditions-generales-de-vente","status":"publish","type":"page","link":"https:\/\/www.grandesassisesamp2022.com\/pt-br\/conditions-generales-de-vente\/","title":{"rendered":"Conditions g\u00e9n\u00e9rales de vente"},"content":{"rendered":"\n<p><strong>Pr\u00e9ambule<\/strong><\/p>\n\n<p>L\u2019Association Mondiale de Psychanalyse, propose \u00e0 la vente l\u2019inscription aux Grandes Assises virtuelles internationales de l\u2019AMP, sous le titre \u00ab La femme n\u2019existe pas \u00bb, qui se d\u00e9rouleront en avril 2022. En passant commande sur le site, les acheteurs reconnaissent avoir pris connaissance des conditions g\u00e9n\u00e9rales de vente et les avoir accept\u00e9es.<\/p>\n\n<p><strong>Donn\u00e9es personnelles<\/strong><\/p>\n\n<p>Les donn\u00e9es collect\u00e9es sont utilis\u00e9es exclusivement pour l\u2019inscription \u00e0 l\u2019\u00e9v\u00e8nement et permettent l\u2019adresse des informations scientifiques et pratiques concernant l\u2019\u00e9v\u00e9nement. Elles sont accessibles par les personnes charg\u00e9es du site de l\u2019\u00e9v\u00e8nement. Elles peuvent \u00eatre transmises aux \u00e9tablissements bancaires pour ex\u00e9cution du paiement. Le responsable du traitement est le tr\u00e9sorier des Grandes Assises virtuelles internationales de l\u2019AMP. Conform\u00e9ment \u00e0 la Loi informatique et libert\u00e9s du 6 janvier 1978, un droit d\u2019acc\u00e8s et de rectification est possible en nous contactant par le <a href=\"https:\/\/www.grandesassisesamp2022.com\/contact-tresorier\/\" data-type=\"URL\" data-id=\"https:\/\/www.grandesassisesamp2022.com\/contact-tresorier\/\" target=\"_blank\" rel=\"noreferrer noopener\">formulaire de contact<\/a> (onglet Tr\u00e9sorier).<\/p>\n\n<p><strong>Objet<\/strong><\/p>\n\n<p>Les pr\u00e9sentes conditions g\u00e9n\u00e9rales de vente r\u00e9gissent exclusivement les ventes r\u00e9alis\u00e9es sur le site internet des Grandes Assises virtuelles internationales de l\u2019AMP. Le si\u00e8ge social de l\u2019Association Mondiale de Psychanalyse est situ\u00e9 5 rue de Lille, 75007 Paris.<\/p>\n\n<p><strong>Produits<\/strong><\/p>\n\n<p>Le produit propos\u00e9 \u00e0 la vente est l\u2019inscriptions aux Grandes Assises virtuelles internationales, sous le titre \u00ab La femme n\u2019existe pas \u00bb, organis\u00e9es par l\u2019Association Mondiale de Psychanalyse. L\u2019inscription \u00e0 ces journ\u00e9es implique d&#8217;assister en direct aux visioconf\u00e9rences : aucun enregistrement ne sera transmis \u00e0 l&#8217;acheteur, et l&#8217;impossibilit\u00e9 d&#8217;assister aux visioconf\u00e9rences, ponctuelles ou non, ne pourra donner lieu \u00e0 aucun type de remboursement, sauf dans le cadre du droit de r\u00e9tractation qui expire 15 jours apr\u00e8s l&#8217;achat. Le dispositif technique mis en place pour l&#8217;\u00e9v\u00e8nement en visioconf\u00e9rence implique pour l&#8217;acheteur d&#8217;avoir fait aboutir sa commande sur le site avant la cl\u00f4ture des inscriptions aux Grandes Assises virtuelles internationales.<\/p>\n\n<p><strong>Prix<\/strong><\/p>\n\n<p>Les prix sont indiqu\u00e9s en dollars TTC except\u00e9 pour le continent europ\u00e9en o\u00f9 ils figurent en euros TTC ; ce sont les prix en vigueur au moment de la commande qui sont applicables \u00e0 celle-ci. Ils ne sont pas soumis \u00e0 la TVA.<\/p>\n\n<p><strong>Les commandes<\/strong><\/p>\n\n<p>Le processus de commande comprend plusieurs \u00e9tapes :<\/p>\n\n<p>1) L\u2019internaute s\u00e9lectionne sur le site l\u2019\u00e9v\u00e8nement qui donne lieu \u00e0 l\u2019inscription.<\/p>\n\n<p>2) Un r\u00e9capitulatif de sa commande lui est propos\u00e9 ; l\u2019internaute a la possibilit\u00e9 de rectifier sa commande.<\/p>\n\n<p>3) L\u2019internaute valide sa commande : en confirmant la commande, l\u2019internaute reconna\u00eet son obligation de paiement et accepte les pr\u00e9sentes conditions g\u00e9n\u00e9rales de vente.<\/p>\n\n<p>4) Une fois la commande valid\u00e9e, un accus\u00e9 de r\u00e9ception de la commande est envoy\u00e9 par mail. Quand la transaction bancaire est effectu\u00e9e, l\u2019acheteur re\u00e7oit \u00e9galement par mail une confirmation de paiement ainsi qu\u2019une attestation de paiement en PDF (se r\u00e9f\u00e9rer au mail intitul\u00e9 \u201cPaiement accept\u00e9\u201d).<\/p>\n\n<p><strong>Paiement<\/strong><\/p>\n\n<p>Le paiement se fait en ligne par carte bancaire ou PayPal \u00e0 partir de notre site s\u00e9curis\u00e9 ; les informations de paiement ne sont pas conserv\u00e9es apr\u00e8s le paiement.<\/p>\n\n<p><strong>Livraison<\/strong><\/p>\n\n<p>Les produits vendus sont d\u00e9mat\u00e9rialis\u00e9s, ils ne n\u00e9cessitent donc pas de livraison.<\/p>\n\n<p><strong>Droit de r\u00e9tractation<\/strong><\/p>\n\n<p>Conform\u00e9ment aux dispositions des articles L221-18 \u00e0 L221-28 du Code de la Consommation, l\u2019acheteur b\u00e9n\u00e9ficie d\u2019un droit de r\u00e9tractation dans un d\u00e9lai de 14 jours \u00e0 compter du lendemain de la validation de la commande, d\u00e9lai prolong\u00e9 au 1er jour ouvr\u00e9 suivant s\u2019il se termine un week-end ou un jour f\u00e9ri\u00e9. Pour exercer son droit de r\u00e9tractation, l\u2019acheteur doit nous notifier sa d\u00e9cision de r\u00e9tractation, au moyen d\u2019une d\u00e9claration d\u00e9nu\u00e9e d\u2019ambigu\u00eft\u00e9 via notre <a href=\"https:\/\/www.grandesassisesamp2022.com\/contact-tresorier\/\" data-type=\"URL\" data-id=\"https:\/\/www.grandesassisesamp2022.com\/contact-tresorier\/\" target=\"_blank\" rel=\"noreferrer noopener\">formulaire de contact<\/a> (onglet Tr\u00e9sorier). Il est possible d\u2019utiliser le mod\u00e8le de <a rel=\"noreferrer noopener\" href=\"https:\/\/www.service-public.fr\/particuliers\/vosdroits\/R38397\" target=\"_blank\">formulaire de r\u00e9tractation<\/a> mais celui-ci n\u2019est pas obligatoire. Pour que le d\u00e9lai de r\u00e9tractation soit respect\u00e9, il suffit que l\u2019acheteur nous transmette sa d\u00e9cision avant l\u2019expiration du d\u00e9lai de r\u00e9tractation, la date initiale retenue \u00e9tant celle de l\u2019achat de l\u2019\u00e9v\u00e8nement sur notre site.<\/p>\n\n<p><strong>Effets de r\u00e9tractation<\/strong><\/p>\n\n<p>En cas de r\u00e9tractation de la part de l\u2019acheteur dans le d\u00e9lai l\u00e9gal, tous les paiements re\u00e7us de sa part seront rembours\u00e9s. Ce remboursement sera fait sans retard excessif et au plus tard apr\u00e8s quatre mois \u00e0 compter du jour o\u00f9 nous sommes inform\u00e9s de sa d\u00e9cision de r\u00e9tractation. Lors de l\u2019\u00e9change par lequel l\u2019acheteur nous informe de sa r\u00e9tractation, il sera d\u00e9cid\u00e9 entre lui et le tr\u00e9sorier des Grandes Assises virtuelles internationales de l\u2019AMP du moyen de paiement appropri\u00e9 pour proc\u00e9der au remboursement. En tout \u00e9tat de cause, ce remboursement n&#8217;occasionnera pas de frais pour l\u2019acheteur.<\/p>\n\n<p><strong>R\u00e9clamations<\/strong><\/p>\n\n<p>Les r\u00e9clamations concernant les commandes sont \u00e0 nous adresser via notre <a href=\"https:\/\/www.grandesassisesamp2022.com\/contact-tresorier\/\" data-type=\"URL\" data-id=\"https:\/\/www.grandesassisesamp2022.com\/contact-tresorier\/\" target=\"_blank\" rel=\"noreferrer noopener\">formulaire de contact<\/a> (onglet Tr\u00e9sorier). Si la r\u00e9ponse que nous apportons ne satisfait pas l\u2019acheteur, celui-ci peut contacter la <a href=\"https:\/\/webgate.ec.europa.eu\/odr\/main\/index.cfm?event=main.adr.show\">plateforme de r\u00e8glement des litiges en ligne<\/a> mise en place par la commission europ\u00e9enne.<\/p>\n\n<p><strong>M\u00e9diation<\/strong><\/p>\n\n<p>Conform\u00e9ment au d\u00e9cret du 30 octobre 2015, l\u2019acheteur peut recourir \u00e0 un service de m\u00e9diation ; des informations compl\u00e9mentaires vous seront donn\u00e9es sur le <a href=\"http:\/\/www.economie.gouv.fr\/mediation-conso\">site du minist\u00e8re de l&#8217;\u00c9conomie<\/a>.<\/p>\n\n<p><strong>Loi applicable et juridiction<\/strong><\/p>\n\n<p>Les \u00e9ventuels litiges survenant \u00e0 l\u2019occasion de votre commande sont r\u00e9gis par les tribunaux fran\u00e7ais selon la loi fran\u00e7aise.<\/p>\n","protected":false},"excerpt":{"rendered":"<p>Pr\u00e9ambule L\u2019Association Mondiale de Psychanalyse, propose \u00e0 la vente l\u2019inscription aux Grandes Assises virtuelles internationales de l\u2019AMP, sous le titre \u00ab La femme n\u2019existe pas \u00bb, qui se d\u00e9rouleront en avril 2022. En passant commande sur le site, les acheteurs reconnaissent avoir pris connaissance des conditions g\u00e9n\u00e9rales de vente et les avoir accept\u00e9es. Donn\u00e9es personnelles&hellip;&nbsp;<a href=\"https:\/\/www.grandesassisesamp2022.com\/pt-br\/conditions-generales-de-vente\/\" class=\"\" rel=\"bookmark\">Read More &raquo;<span class=\"screen-reader-text\">Conditions g\u00e9n\u00e9rales de vente<\/span><\/a><\/p>\n","protected":false},"author":1,"featured_media":0,"parent":0,"menu_order":0,"comment_status":"closed","ping_status":"closed","template":"","meta":{"neve_meta_sidebar":"full-width","neve_meta_container":"","neve_meta_enable_content_width":"on","neve_meta_content_width":100,"neve_meta_title_alignment":"","neve_meta_author_avatar":"","neve_post_elements_order":"","neve_meta_disable_header":"","neve_meta_disable_footer":"","neve_meta_disable_title":"","footnotes":""},"class_list":["post-8409","page","type-page","status-publish","hentry"],"acf":[],"yoast_head":"<!-- This site is optimized with the Yoast SEO plugin v20.1 - https:\/\/yoast.com\/wordpress\/plugins\/seo\/ -->\n<title>Conditions g\u00e9n\u00e9rales de vente - Grandes assises AMP 2022<\/title>\n<meta name=\"robots\" content=\"index, follow, max-snippet:-1, max-image-preview:large, max-video-preview:-1\" \/>\n<link rel=\"canonical\" href=\"https:\/\/www.grandesassisesamp2022.com\/pt-br\/conditions-generales-de-vente\/\" \/>\n<meta property=\"og:locale\" content=\"pt_BR\" \/>\n<meta property=\"og:type\" content=\"article\" \/>\n<meta property=\"og:title\" content=\"Conditions g\u00e9n\u00e9rales de vente - Grandes assises AMP 2022\" \/>\n<meta property=\"og:description\" content=\"Pr\u00e9ambule L\u2019Association Mondiale de Psychanalyse, propose \u00e0 la vente l\u2019inscription aux Grandes Assises virtuelles internationales de l\u2019AMP, sous le titre \u00ab La femme n\u2019existe pas \u00bb, qui se d\u00e9rouleront en avril 2022. En passant commande sur le site, les acheteurs reconnaissent avoir pris connaissance des conditions g\u00e9n\u00e9rales de vente et les avoir accept\u00e9es. Donn\u00e9es personnelles&hellip;&nbsp;Read More &raquo;Conditions g\u00e9n\u00e9rales de vente\" \/>\n<meta property=\"og:url\" content=\"https:\/\/www.grandesassisesamp2022.com\/pt-br\/conditions-generales-de-vente\/\" \/>\n<meta property=\"og:site_name\" content=\"Grandes assises AMP 2022\" \/>\n<meta property=\"article:modified_time\" content=\"2021-05-24T15:51:31+00:00\" \/>\n<meta name=\"twitter:card\" content=\"summary_large_image\" \/>\n<meta name=\"twitter:label1\" content=\"Est. tempo de leitura\" \/>\n\t<meta name=\"twitter:data1\" content=\"5 minutos\" \/>\n<script type=\"application\/ld+json\" class=\"yoast-schema-graph\">{\"@context\":\"https:\/\/schema.org\",\"@graph\":[{\"@type\":\"WebPage\",\"@id\":\"https:\/\/www.grandesassisesamp2022.com\/pt-br\/conditions-generales-de-vente\/\",\"url\":\"https:\/\/www.grandesassisesamp2022.com\/pt-br\/conditions-generales-de-vente\/\",\"name\":\"Conditions g\u00e9n\u00e9rales de vente - Grandes assises AMP 2022\",\"isPartOf\":{\"@id\":\"https:\/\/www.grandesassisesamp2022.com\/#website\"},\"datePublished\":\"2021-05-24T15:50:27+00:00\",\"dateModified\":\"2021-05-24T15:51:31+00:00\",\"breadcrumb\":{\"@id\":\"https:\/\/www.grandesassisesamp2022.com\/pt-br\/conditions-generales-de-vente\/#breadcrumb\"},\"inLanguage\":\"pt-BR\",\"potentialAction\":[{\"@type\":\"ReadAction\",\"target\":[\"https:\/\/www.grandesassisesamp2022.com\/pt-br\/conditions-generales-de-vente\/\"]}]},{\"@type\":\"BreadcrumbList\",\"@id\":\"https:\/\/www.grandesassisesamp2022.com\/pt-br\/conditions-generales-de-vente\/#breadcrumb\",\"itemListElement\":[{\"@type\":\"ListItem\",\"position\":1,\"name\":\"Accueil\",\"item\":\"https:\/\/www.grandesassisesamp2022.com\/pt-br\/\"},{\"@type\":\"ListItem\",\"position\":2,\"name\":\"Conditions g\u00e9n\u00e9rales de vente\"}]},{\"@type\":\"WebSite\",\"@id\":\"https:\/\/www.grandesassisesamp2022.com\/#website\",\"url\":\"https:\/\/www.grandesassisesamp2022.com\/\",\"name\":\"Grandes assises AMP 2022\",\"description\":\"Paris\",\"potentialAction\":[{\"@type\":\"SearchAction\",\"target\":{\"@type\":\"EntryPoint\",\"urlTemplate\":\"https:\/\/www.grandesassisesamp2022.com\/?s={search_term_string}\"},\"query-input\":\"required name=search_term_string\"}],\"inLanguage\":\"pt-BR\"}]}<\/script>\n<!-- \/ Yoast SEO plugin. -->","yoast_head_json":{"title":"Conditions g\u00e9n\u00e9rales de vente - Grandes assises AMP 2022","robots":{"index":"index","follow":"follow","max-snippet":"max-snippet:-1","max-image-preview":"max-image-preview:large","max-video-preview":"max-video-preview:-1"},"canonical":"https:\/\/www.grandesassisesamp2022.com\/pt-br\/conditions-generales-de-vente\/","og_locale":"pt_BR","og_type":"article","og_title":"Conditions g\u00e9n\u00e9rales de vente - Grandes assises AMP 2022","og_description":"Pr\u00e9ambule L\u2019Association Mondiale de Psychanalyse, propose \u00e0 la vente l\u2019inscription aux Grandes Assises virtuelles internationales de l\u2019AMP, sous le titre \u00ab La femme n\u2019existe pas \u00bb, qui se d\u00e9rouleront en avril 2022. En passant commande sur le site, les acheteurs reconnaissent avoir pris connaissance des conditions g\u00e9n\u00e9rales de vente et les avoir accept\u00e9es. Donn\u00e9es personnelles&hellip;&nbsp;Read More &raquo;Conditions g\u00e9n\u00e9rales de vente","og_url":"https:\/\/www.grandesassisesamp2022.com\/pt-br\/conditions-generales-de-vente\/","og_site_name":"Grandes assises AMP 2022","article_modified_time":"2021-05-24T15:51:31+00:00","twitter_card":"summary_large_image","twitter_misc":{"Est. tempo de leitura":"5 minutos"},"schema":{"@context":"https:\/\/schema.org","@graph":[{"@type":"WebPage","@id":"https:\/\/www.grandesassisesamp2022.com\/pt-br\/conditions-generales-de-vente\/","url":"https:\/\/www.grandesassisesamp2022.com\/pt-br\/conditions-generales-de-vente\/","name":"Conditions g\u00e9n\u00e9rales de vente - Grandes assises AMP 2022","isPartOf":{"@id":"https:\/\/www.grandesassisesamp2022.com\/#website"},"datePublished":"2021-05-24T15:50:27+00:00","dateModified":"2021-05-24T15:51:31+00:00","breadcrumb":{"@id":"https:\/\/www.grandesassisesamp2022.com\/pt-br\/conditions-generales-de-vente\/#breadcrumb"},"inLanguage":"pt-BR","potentialAction":[{"@type":"ReadAction","target":["https:\/\/www.grandesassisesamp2022.com\/pt-br\/conditions-generales-de-vente\/"]}]},{"@type":"BreadcrumbList","@id":"https:\/\/www.grandesassisesamp2022.com\/pt-br\/conditions-generales-de-vente\/#breadcrumb","itemListElement":[{"@type":"ListItem","position":1,"name":"Accueil","item":"https:\/\/www.grandesassisesamp2022.com\/pt-br\/"},{"@type":"ListItem","position":2,"name":"Conditions g\u00e9n\u00e9rales de vente"}]},{"@type":"WebSite","@id":"https:\/\/www.grandesassisesamp2022.com\/#website","url":"https:\/\/www.grandesassisesamp2022.com\/","name":"Grandes assises AMP 2022","description":"Paris","potentialAction":[{"@type":"SearchAction","target":{"@type":"EntryPoint","urlTemplate":"https:\/\/www.grandesassisesamp2022.com\/?s={search_term_string}"},"query-input":"required name=search_term_string"}],"inLanguage":"pt-BR"}]}},"_links":{"self":[{"href":"https:\/\/www.grandesassisesamp2022.com\/pt-br\/wp-json\/wp\/v2\/pages\/8409","targetHints":{"allow":["GET"]}}],"collection":[{"href":"https:\/\/www.grandesassisesamp2022.com\/pt-br\/wp-json\/wp\/v2\/pages"}],"about":[{"href":"https:\/\/www.grandesassisesamp2022.com\/pt-br\/wp-json\/wp\/v2\/types\/page"}],"author":[{"embeddable":true,"href":"https:\/\/www.grandesassisesamp2022.com\/pt-br\/wp-json\/wp\/v2\/users\/1"}],"replies":[{"embeddable":true,"href":"https:\/\/www.grandesassisesamp2022.com\/pt-br\/wp-json\/wp\/v2\/comments?post=8409"}],"version-history":[{"count":3,"href":"https:\/\/www.grandesassisesamp2022.com\/pt-br\/wp-json\/wp\/v2\/pages\/8409\/revisions"}],"predecessor-version":[{"id":8415,"href":"https:\/\/www.grandesassisesamp2022.com\/pt-br\/wp-json\/wp\/v2\/pages\/8409\/revisions\/8415"}],"wp:attachment":[{"href":"https:\/\/www.grandesassisesamp2022.com\/pt-br\/wp-json\/wp\/v2\/media?parent=8409"}],"curies":[{"name":"wp","href":"https:\/\/api.w.org\/{rel}","templated":true}]}}