{"id":7903,"date":"2021-05-08T18:05:56","date_gmt":"2021-05-08T16:05:56","guid":{"rendered":"https:\/\/www.grandesassisesamp2022.com\/acolhimento\/apresentacao\/"},"modified":"2022-03-31T08:25:13","modified_gmt":"2022-03-31T06:25:13","slug":"apresentacao","status":"publish","type":"page","link":"https:\/\/www.grandesassisesamp2022.com\/pt-br\/acolhimento\/apresentacao\/","title":{"rendered":"Apresenta\u00e7\u00e3o"},"content":{"rendered":"\n<p>A cada dois anos, a Associa\u00e7\u00e3o Mundial de Psican\u00e1lise re\u00fane seus membros e todos aqueles interessados na psican\u00e1lise em um Congresso. Pela primeira vez, ela ter\u00e1 uma Grande Conversa\u00e7\u00e3o virtual internacional de 31 de mar\u00e7o a 3 de abril de 2022. O objetivo? Apostar no melhor do virtual, unir-se para al\u00e9m das fronteiras, para al\u00e9m das l\u00ednguas.<\/p>\n\n\n\n<p>Seu t\u00edtulo? \u00ab&nbsp;A mulher n\u00e3o existe&nbsp;\u00bb, uma frase que Lacan proferiu por ocasi\u00e3o de uma sess\u00e3o de seu semin\u00e1rio <em>Mais, ainda<\/em>, em 1973.<\/p>\n\n\n\n<p>Hoje, o que podemos aprender do feminino, a partir da psican\u00e1lise? Quais s\u00e3o as quest\u00f5es, embara\u00e7os, bons e maus encontros que conduzem algu\u00e9m a endere\u00e7ar-se a ela ? Na era do g\u00eanero fluido que arrrastou o bin\u00e1rio homem \/ mulher, como orientar-se?<\/p>\n\n\n\n<p>Esta conversa\u00e7\u00e3o se abre desde j\u00e1, aqui. N\u00f3s o convidamos a <a href=\"https:\/\/www.grandesassisesamp2022.com\/pt-br\/category\/argumentos\/\">ler os argumentos<\/a> e a descobrir as outras rubricas.<\/p>\n\n\n\n<p class=\"has-neve-link-color-color has-text-color\">\ud83d\udcd5<a href=\"https:\/\/www.grandesassisesamp2022.com\/wp-content\/uploads\/2022\/03\/GAVI-programmeweb-SIMULT-POR.pdf\" target=\"_blank\" rel=\"noreferrer noopener\">SIMULT\u00c2NEAS CL\u00cdNICAS : PROGRAMMA<\/a><\/p>\n\n\n\n<p class=\"has-neve-link-color-color has-text-color\">\ud83d\udcd5<a href=\"https:\/\/www.grandesassisesamp2022.com\/wp-content\/uploads\/2022\/03\/GAVI-programmeweb-POR-0325.pdf\" target=\"_blank\" rel=\"noreferrer noopener\">PROGRAMA COMPLETO<\/a><\/p>\n\n\n\n<p><a href=\"https:\/\/fdb910a1.sibforms.com\/serve\/MUIEAOhV02KmMvcY_skC2PLeR_pzaQMAtQsQ1M_moFgkdyXSZV5p-KQ2Iy_61NxxdZS96M0DFyr4_VtUVTkE5OYOThFeMg6p5vc3OrAL28nqDoscX2WT9vRdkLSY84fKut7V69rkWY_gr-iHWuGhAMltZq0WtYE3jcC8lkN756YsmTNWubNtYSclImlh5ANcJVggULZ-JAjYmh3N\">Inscri\u00e7\u00e3o na lista de difus\u00e3o&nbsp;<\/a><\/p>\n\n\n\n<p><a href=\"https:\/\/www.grandesassisesamp2022.com\/wp-content\/uploads\/2021\/06\/affiche_amp_2022.zip\">Baixar o cartaz<\/a><\/p>\n\n\n\n<div class=\"wp-block-file\"><a id=\"wp-block-file--media-cb59fde4-72a3-4977-9da4-9c1231181213\" href=\"https:\/\/www.grandesassisesamp2022.com\/wp-content\/uploads\/2022\/01\/appel-a-contribution-NEW-PORT.jpg\">A convoca\u00e7\u00e3o da Grande Conversa\u00e7\u00e3o paraas simult\u00e2neas cl\u00ednicas<\/a><\/div>\n\n\n\n<p class=\"has-neve-link-color-color has-text-color\">Os hor\u00e1rios da Grande Conversa\u00e7\u00e3o :<\/p>\n\n\n\n<figure class=\"wp-block-image size-large\"><img loading=\"lazy\" decoding=\"async\" width=\"724\" height=\"1024\" src=\"https:\/\/www.grandesassisesamp2022.com\/wp-content\/uploads\/2022\/03\/Horaires-PORT-724x1024.jpg\" alt=\"\" class=\"wp-image-15051\" srcset=\"https:\/\/www.grandesassisesamp2022.com\/wp-content\/uploads\/2022\/03\/Horaires-PORT-724x1024.jpg 724w, https:\/\/www.grandesassisesamp2022.com\/wp-content\/uploads\/2022\/03\/Horaires-PORT-212x300.jpg 212w, https:\/\/www.grandesassisesamp2022.com\/wp-content\/uploads\/2022\/03\/Horaires-PORT-768x1086.jpg 768w, https:\/\/www.grandesassisesamp2022.com\/wp-content\/uploads\/2022\/03\/Horaires-PORT-1086x1536.jpg 1086w, https:\/\/www.grandesassisesamp2022.com\/wp-content\/uploads\/2022\/03\/Horaires-PORT-1448x2048.jpg 1448w, https:\/\/www.grandesassisesamp2022.com\/wp-content\/uploads\/2022\/03\/Horaires-PORT-600x848.jpg 600w, https:\/\/www.grandesassisesamp2022.com\/wp-content\/uploads\/2022\/03\/Horaires-PORT-scaled.jpg 1810w\" sizes=\"auto, (max-width: 724px) 100vw, 724px\" \/><\/figure>\n","protected":false},"excerpt":{"rendered":"<p>A cada dois anos, a Associa\u00e7\u00e3o Mundial de Psican\u00e1lise re\u00fane seus membros e todos aqueles interessados na psican\u00e1lise em um Congresso. Pela primeira vez, ela ter\u00e1 uma Grande Conversa\u00e7\u00e3o virtual internacional de 31 de mar\u00e7o a 3 de abril de 2022. O objetivo? Apostar no melhor do virtual, unir-se para al\u00e9m das fronteiras, para al\u00e9m&hellip;&nbsp;<a href=\"https:\/\/www.grandesassisesamp2022.com\/pt-br\/acolhimento\/apresentacao\/\" class=\"\" rel=\"bookmark\">Read More &raquo;<span class=\"screen-reader-text\">Apresenta\u00e7\u00e3o<\/span><\/a><\/p>\n","protected":false},"author":13,"featured_media":10284,"parent":7569,"menu_order":1,"comment_status":"closed","ping_status":"closed","template":"","meta":{"neve_meta_sidebar":"full-width","neve_meta_container":"","neve_meta_enable_content_width":"","neve_meta_content_width":0,"neve_meta_title_alignment":"","neve_meta_author_avatar":"","neve_post_elements_order":"","neve_meta_disable_header":"","neve_meta_disable_footer":"","neve_meta_disable_title":"","footnotes":""},"class_list":["post-7903","page","type-page","status-publish","has-post-thumbnail","hentry"],"acf":[],"yoast_head":"<!-- This site is optimized with the Yoast SEO plugin v20.1 - https:\/\/yoast.com\/wordpress\/plugins\/seo\/ -->\n<title>Apresenta\u00e7\u00e3o - Grandes assises AMP 2022<\/title>\n<meta name=\"robots\" content=\"index, follow, max-snippet:-1, max-image-preview:large, max-video-preview:-1\" \/>\n<link rel=\"canonical\" href=\"https:\/\/www.grandesassisesamp2022.com\/pt-br\/acolhimento\/apresentacao\/\" \/>\n<meta property=\"og:locale\" content=\"pt_BR\" \/>\n<meta property=\"og:type\" content=\"article\" \/>\n<meta property=\"og:title\" content=\"Apresenta\u00e7\u00e3o - Grandes assises AMP 2022\" \/>\n<meta property=\"og:description\" content=\"A cada dois anos, a Associa\u00e7\u00e3o Mundial de Psican\u00e1lise re\u00fane seus membros e todos aqueles interessados na psican\u00e1lise em um Congresso. Pela primeira vez, ela ter\u00e1 uma Grande Conversa\u00e7\u00e3o virtual internacional de 31 de mar\u00e7o a 3 de abril de 2022. O objetivo? Apostar no melhor do virtual, unir-se para al\u00e9m das fronteiras, para al\u00e9m&hellip;&nbsp;Read More &raquo;Apresenta\u00e7\u00e3o\" \/>\n<meta property=\"og:url\" content=\"https:\/\/www.grandesassisesamp2022.com\/pt-br\/acolhimento\/apresentacao\/\" \/>\n<meta property=\"og:site_name\" content=\"Grandes assises AMP 2022\" \/>\n<meta property=\"article:modified_time\" content=\"2022-03-31T06:25:13+00:00\" \/>\n<meta property=\"og:image\" content=\"https:\/\/www.grandesassisesamp2022.com\/wp-content\/uploads\/2021\/10\/FRamp-oct2021.png\" \/>\n\t<meta property=\"og:image:width\" content=\"1123\" \/>\n\t<meta property=\"og:image:height\" content=\"1123\" \/>\n\t<meta property=\"og:image:type\" content=\"image\/png\" \/>\n<meta name=\"twitter:card\" content=\"summary_large_image\" \/>\n<meta name=\"twitter:label1\" content=\"Est. tempo de leitura\" \/>\n\t<meta name=\"twitter:data1\" content=\"2 minutos\" \/>\n<script type=\"application\/ld+json\" class=\"yoast-schema-graph\">{\"@context\":\"https:\/\/schema.org\",\"@graph\":[{\"@type\":\"WebPage\",\"@id\":\"https:\/\/www.grandesassisesamp2022.com\/pt-br\/acolhimento\/apresentacao\/\",\"url\":\"https:\/\/www.grandesassisesamp2022.com\/pt-br\/acolhimento\/apresentacao\/\",\"name\":\"Apresenta\u00e7\u00e3o - Grandes assises AMP 2022\",\"isPartOf\":{\"@id\":\"https:\/\/www.grandesassisesamp2022.com\/#website\"},\"datePublished\":\"2021-05-08T16:05:56+00:00\",\"dateModified\":\"2022-03-31T06:25:13+00:00\",\"breadcrumb\":{\"@id\":\"https:\/\/www.grandesassisesamp2022.com\/pt-br\/acolhimento\/apresentacao\/#breadcrumb\"},\"inLanguage\":\"pt-BR\",\"potentialAction\":[{\"@type\":\"ReadAction\",\"target\":[\"https:\/\/www.grandesassisesamp2022.com\/pt-br\/acolhimento\/apresentacao\/\"]}]},{\"@type\":\"BreadcrumbList\",\"@id\":\"https:\/\/www.grandesassisesamp2022.com\/pt-br\/acolhimento\/apresentacao\/#breadcrumb\",\"itemListElement\":[{\"@type\":\"ListItem\",\"position\":1,\"name\":\"Accueil\",\"item\":\"https:\/\/www.grandesassisesamp2022.com\/pt-br\/\"},{\"@type\":\"ListItem\",\"position\":2,\"name\":\"Acolhimento\",\"item\":\"https:\/\/www.grandesassisesamp2022.com\/pt-br\/\"},{\"@type\":\"ListItem\",\"position\":3,\"name\":\"Apresenta\u00e7\u00e3o\"}]},{\"@type\":\"WebSite\",\"@id\":\"https:\/\/www.grandesassisesamp2022.com\/#website\",\"url\":\"https:\/\/www.grandesassisesamp2022.com\/\",\"name\":\"Grandes assises AMP 2022\",\"description\":\"Paris\",\"potentialAction\":[{\"@type\":\"SearchAction\",\"target\":{\"@type\":\"EntryPoint\",\"urlTemplate\":\"https:\/\/www.grandesassisesamp2022.com\/?s={search_term_string}\"},\"query-input\":\"required name=search_term_string\"}],\"inLanguage\":\"pt-BR\"}]}<\/script>\n<!-- \/ Yoast SEO plugin. -->","yoast_head_json":{"title":"Apresenta\u00e7\u00e3o - Grandes assises AMP 2022","robots":{"index":"index","follow":"follow","max-snippet":"max-snippet:-1","max-image-preview":"max-image-preview:large","max-video-preview":"max-video-preview:-1"},"canonical":"https:\/\/www.grandesassisesamp2022.com\/pt-br\/acolhimento\/apresentacao\/","og_locale":"pt_BR","og_type":"article","og_title":"Apresenta\u00e7\u00e3o - Grandes assises AMP 2022","og_description":"A cada dois anos, a Associa\u00e7\u00e3o Mundial de Psican\u00e1lise re\u00fane seus membros e todos aqueles interessados na psican\u00e1lise em um Congresso. Pela primeira vez, ela ter\u00e1 uma Grande Conversa\u00e7\u00e3o virtual internacional de 31 de mar\u00e7o a 3 de abril de 2022. O objetivo? Apostar no melhor do virtual, unir-se para al\u00e9m das fronteiras, para al\u00e9m&hellip;&nbsp;Read More &raquo;Apresenta\u00e7\u00e3o","og_url":"https:\/\/www.grandesassisesamp2022.com\/pt-br\/acolhimento\/apresentacao\/","og_site_name":"Grandes assises AMP 2022","article_modified_time":"2022-03-31T06:25:13+00:00","og_image":[{"width":1123,"height":1123,"url":"https:\/\/www.grandesassisesamp2022.com\/wp-content\/uploads\/2021\/10\/FRamp-oct2021.png","type":"image\/png"}],"twitter_card":"summary_large_image","twitter_misc":{"Est. tempo de leitura":"2 minutos"},"schema":{"@context":"https:\/\/schema.org","@graph":[{"@type":"WebPage","@id":"https:\/\/www.grandesassisesamp2022.com\/pt-br\/acolhimento\/apresentacao\/","url":"https:\/\/www.grandesassisesamp2022.com\/pt-br\/acolhimento\/apresentacao\/","name":"Apresenta\u00e7\u00e3o - Grandes assises AMP 2022","isPartOf":{"@id":"https:\/\/www.grandesassisesamp2022.com\/#website"},"datePublished":"2021-05-08T16:05:56+00:00","dateModified":"2022-03-31T06:25:13+00:00","breadcrumb":{"@id":"https:\/\/www.grandesassisesamp2022.com\/pt-br\/acolhimento\/apresentacao\/#breadcrumb"},"inLanguage":"pt-BR","potentialAction":[{"@type":"ReadAction","target":["https:\/\/www.grandesassisesamp2022.com\/pt-br\/acolhimento\/apresentacao\/"]}]},{"@type":"BreadcrumbList","@id":"https:\/\/www.grandesassisesamp2022.com\/pt-br\/acolhimento\/apresentacao\/#breadcrumb","itemListElement":[{"@type":"ListItem","position":1,"name":"Accueil","item":"https:\/\/www.grandesassisesamp2022.com\/pt-br\/"},{"@type":"ListItem","position":2,"name":"Acolhimento","item":"https:\/\/www.grandesassisesamp2022.com\/pt-br\/"},{"@type":"ListItem","position":3,"name":"Apresenta\u00e7\u00e3o"}]},{"@type":"WebSite","@id":"https:\/\/www.grandesassisesamp2022.com\/#website","url":"https:\/\/www.grandesassisesamp2022.com\/","name":"Grandes assises AMP 2022","description":"Paris","potentialAction":[{"@type":"SearchAction","target":{"@type":"EntryPoint","urlTemplate":"https:\/\/www.grandesassisesamp2022.com\/?s={search_term_string}"},"query-input":"required name=search_term_string"}],"inLanguage":"pt-BR"}]}},"_links":{"self":[{"href":"https:\/\/www.grandesassisesamp2022.com\/pt-br\/wp-json\/wp\/v2\/pages\/7903","targetHints":{"allow":["GET"]}}],"collection":[{"href":"https:\/\/www.grandesassisesamp2022.com\/pt-br\/wp-json\/wp\/v2\/pages"}],"about":[{"href":"https:\/\/www.grandesassisesamp2022.com\/pt-br\/wp-json\/wp\/v2\/types\/page"}],"author":[{"embeddable":true,"href":"https:\/\/www.grandesassisesamp2022.com\/pt-br\/wp-json\/wp\/v2\/users\/13"}],"replies":[{"embeddable":true,"href":"https:\/\/www.grandesassisesamp2022.com\/pt-br\/wp-json\/wp\/v2\/comments?post=7903"}],"version-history":[{"count":33,"href":"https:\/\/www.grandesassisesamp2022.com\/pt-br\/wp-json\/wp\/v2\/pages\/7903\/revisions"}],"predecessor-version":[{"id":17024,"href":"https:\/\/www.grandesassisesamp2022.com\/pt-br\/wp-json\/wp\/v2\/pages\/7903\/revisions\/17024"}],"up":[{"embeddable":true,"href":"https:\/\/www.grandesassisesamp2022.com\/pt-br\/wp-json\/wp\/v2\/pages\/7569"}],"wp:featuredmedia":[{"embeddable":true,"href":"https:\/\/www.grandesassisesamp2022.com\/pt-br\/wp-json\/wp\/v2\/media\/10284"}],"wp:attachment":[{"href":"https:\/\/www.grandesassisesamp2022.com\/pt-br\/wp-json\/wp\/v2\/media?parent=7903"}],"curies":[{"name":"wp","href":"https:\/\/api.w.org\/{rel}","templated":true}]}}