{"id":6960,"date":"2021-04-16T10:04:41","date_gmt":"2021-04-16T08:04:41","guid":{"rendered":"https:\/\/www.grandesassisesamp2022.com\/accueil\/"},"modified":"2021-04-16T11:29:48","modified_gmt":"2021-04-16T09:29:48","slug":"accueil","status":"publish","type":"page","link":"https:\/\/www.grandesassisesamp2022.com\/es\/accueil\/","title":{"rendered":"Accueil"},"content":{"rendered":"<nav><a href=\"#\">Close<\/a><\/p>\n<ul>\n<li id=\"menu-item-6645\"><a href=\"#\">Les grandes assises<\/a>\n<ul>\n<li id=\"menu-item-6503\"><a href=\"https:\/\/www.grandesassisesamp2022.com\/es\/accueil\/programa\/\">Programme<\/a><\/li>\n<li id=\"menu-item-6655\"><a href=\"https:\/\/www.grandesassisesamp2022.com\/es\/accueil\/organigrama\/\">Organigramme<\/a><\/li>\n<li id=\"menu-item-6507\"><a href=\"https:\/\/www.grandesassisesamp2022.com\/es\/accueil\/recursos-mediaticos\/\">Ressources m\u00e9dias<\/a><\/li>\n<li id=\"menu-item-6508\"><a href=\"https:\/\/www.grandesassisesamp2022.com\/es\/accueil\/la-libreria\/\">La librairie<\/a><\/li>\n<li id=\"menu-item-6664\"><a href=\"https:\/\/www.grandesassisesamp2022.com\/es\/accueil\/que-es-la-amp\/\">Qu\u2019est-ce que l\u2019AMP ?<\/a><\/li>\n<\/ul>\n<\/li>\n<li id=\"menu-item-6476\"><a href=\"#\">\u00c9pist\u00e9mique et clinique<\/a>\n<ul>\n<li id=\"menu-item-6133\"><a href=\"https:\/\/www.grandesassisesamp2022.com\/es\/category\/argumentos-es\/\">Arguments<\/a><\/li>\n<li id=\"menu-item-6134\"><a href=\"https:\/\/www.grandesassisesamp2022.com\/es\/category\/fragmentos-bibliograficos\/\">Fragments bibliographiques<\/a><\/li>\n<li id=\"menu-item-6135\"><a href=\"https:\/\/www.grandesassisesamp2022.com\/es\/category\/scilicet-es\/\">Scilicet<\/a><\/li>\n<\/ul>\n<\/li>\n<li id=\"menu-item-6477\"><a href=\"#\">Dans le monde<\/a>\n<ul>\n<li id=\"menu-item-6136\"><a href=\"https:\/\/www.grandesassisesamp2022.com\/es\/category\/corresponsales\/\">Correspondants<\/a><\/li>\n<li id=\"menu-item-6138\"><a href=\"https:\/\/www.grandesassisesamp2022.com\/es\/category\/redes-sociales\/\">R\u00e9seaux sociaux<\/a><\/li>\n<li id=\"menu-item-6137\"><a href=\"https:\/\/www.grandesassisesamp2022.com\/es\/category\/acontecimientos\/\">\u00c9v\u00e9nements pr\u00e9paratoires<\/a><\/li>\n<\/ul>\n<\/li>\n<li id=\"menu-item-6139\"><a href=\"https:\/\/www.grandesassisesamp2022.com\/es\/category\/paris-no-toda\/\">Paris pas-toute<\/a><\/li>\n<li id=\"menu-item-6648\"><a href=\"#\">S&#8217;INSCRIRE<\/a><\/li>\n<\/ul>\n<\/nav>\n<p><i><\/i><i><\/i>Menu\t\t<\/p>\n<h1 data-splitting><a href=\"https:\/\/ninetheme.com\/themes\/wavo\/projects\/inspiring-new-space\/\" target=\"_blank\" rel=\"noopener\">From The<br \/> Inside Out<\/a><\/h1>\n<p><a href=\"https:\/\/ninetheme.com\/themes\/wavo\/projects\/inspiring-new-space\/\" target=\"_blank\" data-splitting rel=\"noopener\">Discover Work<\/a><\/p>\n<h1 data-splitting><a href=\"https:\/\/ninetheme.com\/themes\/wavo\/projects\/inspiring-new-space\/\" target=\"_blank\" rel=\"noopener\">Luxury <br \/> RealEstate<\/a><\/h1>\n<p><a href=\"https:\/\/ninetheme.com\/themes\/wavo\/projects\/inspiring-new-space\/\" target=\"_blank\" data-splitting rel=\"noopener\">Discover Work<\/a><\/p>\n<h1 data-splitting><a href=\"https:\/\/ninetheme.com\/themes\/wavo\/projects\/inspiring-new-space\/\" target=\"_blank\" rel=\"noopener\">Classic <br \/> &#038;Modern<\/a><\/h1>\n<p><a href=\"https:\/\/ninetheme.com\/themes\/wavo\/projects\/inspiring-new-space\/\" target=\"_blank\" data-splitting rel=\"noopener\">Discover Work<\/a><a href=\"https:\/\/ninetheme.com\/themes\/wavo\/\" target=\"_blank\" rel=\"noopener\">Facebook<\/a><a href=\"https:\/\/ninetheme.com\/themes\/wavo\/\" target=\"_blank\" rel=\"noopener\">Twitter<\/a><\/p>\n<p>No post found!<\/p>\n<p>\t\t\t<img decoding=\"async\" width=\"683\" height=\"1024\" src=\"https:\/\/www.grandesassisesamp2022.com\/wp-content\/uploads\/2021\/04\/CA-pexels-daria-sannikova-4603577-683x1024.jpg\" alt=\"\" loading=\"lazy\" srcset=\"https:\/\/www.grandesassisesamp2022.com\/wp-content\/uploads\/2021\/04\/CA-pexels-daria-sannikova-4603577-683x1024.jpg 683w, https:\/\/www.grandesassisesamp2022.com\/wp-content\/uploads\/2021\/04\/CA-pexels-daria-sannikova-4603577-200x300.jpg 200w, https:\/\/www.grandesassisesamp2022.com\/wp-content\/uploads\/2021\/04\/CA-pexels-daria-sannikova-4603577-768x1152.jpg 768w, https:\/\/www.grandesassisesamp2022.com\/wp-content\/uploads\/2021\/04\/CA-pexels-daria-sannikova-4603577-1024x1536.jpg 1024w, https:\/\/www.grandesassisesamp2022.com\/wp-content\/uploads\/2021\/04\/CA-pexels-daria-sannikova-4603577-980x1470.jpg 980w, https:\/\/www.grandesassisesamp2022.com\/wp-content\/uploads\/2021\/04\/CA-pexels-daria-sannikova-4603577.jpg 1280w\" sizes=\"auto, (max-width: 683px) 100vw, 683px\" \/><\/p>\n<h4><a href=\"https:\/\/www.grandesassisesamp2022.com\/test-la-article\/\">Test la article<\/a><\/h4>\n<p>Texte FR 1 Texte FR 2 trrtrtrt<\/p>\n<p><a href=\"https:\/\/www.grandesassisesamp2022.com\/test-la-article\/\">Lire plus<\/a><br \/>\n\t\t\tTitle<\/p>\n<h2><a href=\"https:\/\/www.grandesassisesamp2022.com\/test-la-article-2\/\">Test la article 2<\/a><\/h2>\n<p>A opini\u00e3o lacaniana[1] Christiane Alberti[2] &nbsp; &nbsp; O que nos ensina a palavra&nbsp;das&nbsp;mulheres na era do #MeToo? A quest\u00e3o do atentado sexual invadiu a atualidade atrav\u00e9s\u2026<\/p>\n<p><a href=\"https:\/\/www.grandesassisesamp2022.com\/test-la-article-2\/\">Read more<\/a><br \/>\n\t\t\t<img decoding=\"async\" width=\"683\" height=\"1024\" src=\"https:\/\/www.grandesassisesamp2022.com\/wp-content\/uploads\/2021\/04\/CA-pexels-daria-sannikova-4603577-683x1024.jpg\" alt=\"\" loading=\"lazy\" srcset=\"https:\/\/www.grandesassisesamp2022.com\/wp-content\/uploads\/2021\/04\/CA-pexels-daria-sannikova-4603577-683x1024.jpg 683w, https:\/\/www.grandesassisesamp2022.com\/wp-content\/uploads\/2021\/04\/CA-pexels-daria-sannikova-4603577-200x300.jpg 200w, https:\/\/www.grandesassisesamp2022.com\/wp-content\/uploads\/2021\/04\/CA-pexels-daria-sannikova-4603577-768x1152.jpg 768w, https:\/\/www.grandesassisesamp2022.com\/wp-content\/uploads\/2021\/04\/CA-pexels-daria-sannikova-4603577-1024x1536.jpg 1024w, https:\/\/www.grandesassisesamp2022.com\/wp-content\/uploads\/2021\/04\/CA-pexels-daria-sannikova-4603577-980x1470.jpg 980w, https:\/\/www.grandesassisesamp2022.com\/wp-content\/uploads\/2021\/04\/CA-pexels-daria-sannikova-4603577.jpg 1280w\" sizes=\"auto, (max-width: 683px) 100vw, 683px\" \/><a href=\"https:\/\/www.grandesassisesamp2022.com\/test-la-article\/\"> 26 janvier 2021<\/a><a href=\"\">by Test auteur<\/a><\/p>\n<h4><a href=\"https:\/\/www.grandesassisesamp2022.com\/test-la-article\/\">Test la article<\/a><\/h4>\n<p>Texte FR 1 Texte FR 2 trrtrtrt<\/p>\n<p><a href=\"https:\/\/www.grandesassisesamp2022.com\/test-la-article\/\">Read more<\/a><\/p>\n<h6>Our Process<\/h6>\n<h3>Our Business Process.<\/h3>\n<p>            <a href=\"https:\/\/www.youtube.com\/watch?v=LXb3EKWsInQ\"><br \/>\n            <\/a><\/p>\n<h4>We believe that our works can contributerdfd to a better world.<\/h4>\n<h3>01<\/h3>\n<h5>Create An Ideas<\/h5>\n<p>Implementation and rollout of new network infrastructure, including consolidation.<\/p>\n<h3>02<\/h3>\n<h5>Complete The Project<\/h5>\n<p>Implementation and rollout of new network infrastructure, including consolidation.<\/p>\n<h3>03<\/h3>\n<h5>\tExecution<\/h5>\n<p>Implementation and rollout of new network infrastructure, including consolidation.<\/p>\n<h5 data-splitting>Testimonials<\/h5>\n<p><img decoding=\"async\" src=\"https:\/\/www.grandesassisesamp2022.com\/wp-content\/uploads\/2020\/04\/team-1-245x300.jpg\" alt=\"elementor team\"><\/p>\n<h6>Alex Martin  Envato Customer <\/h6>\n<p><img decoding=\"async\" src=\"https:\/\/www.grandesassisesamp2022.com\/wp-content\/uploads\/2020\/04\/team-2-245x300.jpg\" alt=\"testimonial image\"><\/p>\n<h6>Terry Figueroa  Marketing Manager <\/h6>\n<p><img decoding=\"async\" src=\"https:\/\/www.grandesassisesamp2022.com\/wp-content\/uploads\/2020\/04\/team-6-245x300.jpg\" alt=\"team-6.jpg\"><\/p>\n<h6>Kaycee Hess  Human Resources <\/h6>\n<p >&#8221; Nulla metus ullamcorper vel tincidunt sed euismod nibh Quisque volutpat condimentum velit class aptent taciti sociosqu ad litora torquent per conubia nostra. &#8220;<\/p>\n<p >&#8221; Nulla metus ullamcorper vel tincidunt sed euismod nibh Quisque volutpat condimentum velit class aptent taciti sociosqu ad litora torquent per conubia nostra. &#8220;<\/p>\n<p >&#8221; Nulla metus ullamcorper vel tincidunt sed euismod nibh Quisque volutpat condimentum velit class aptent taciti sociosqu ad litora torquent per conubia nostra. &#8220;<\/p>\n<p><img decoding=\"async\" src=\"https:\/\/www.grandesassisesamp2022.com\/wp-content\/plugins\/wavo-elementor-addons\/assets\/front\/img\/quote.svg\" alt=\"\"><\/p>\n","protected":false},"excerpt":{"rendered":"<p>Close Les grandes assises Programme Organigramme Ressources m\u00e9dias La librairie Qu\u2019est-ce que l\u2019AMP ? \u00c9pist\u00e9mique et clinique Arguments Fragments bibliographiques Scilicet Dans le monde Correspondants R\u00e9seaux sociaux \u00c9v\u00e9nements pr\u00e9paratoires Paris pas-toute S&#8217;INSCRIRE Menu From The Inside Out Discover Work Luxury RealEstate Discover Work Classic &#038;Modern Discover WorkFacebookTwitter No post found! Test la article Texte FR&hellip;&nbsp;<a href=\"https:\/\/www.grandesassisesamp2022.com\/es\/accueil\/\" class=\"\" rel=\"bookmark\">Read More &raquo;<span class=\"screen-reader-text\">Accueil<\/span><\/a><\/p>\n","protected":false},"author":1,"featured_media":0,"parent":0,"menu_order":0,"comment_status":"closed","ping_status":"closed","template":"","meta":{"neve_meta_sidebar":"","neve_meta_container":"","neve_meta_enable_content_width":"","neve_meta_content_width":0,"neve_meta_title_alignment":"","neve_meta_author_avatar":"","neve_post_elements_order":"","neve_meta_disable_header":"","neve_meta_disable_footer":"","neve_meta_disable_title":"","footnotes":""},"class_list":["post-6960","page","type-page","status-publish","hentry"],"acf":[],"yoast_head":"<!-- This site is optimized with the Yoast SEO plugin v20.1 - https:\/\/yoast.com\/wordpress\/plugins\/seo\/ -->\n<title>Accueil - Grandes assises AMP 2022<\/title>\n<meta name=\"robots\" content=\"index, follow, max-snippet:-1, max-image-preview:large, max-video-preview:-1\" \/>\n<link rel=\"canonical\" href=\"https:\/\/www.grandesassisesamp2022.com\/es\/accueil\/\" \/>\n<meta property=\"og:locale\" content=\"es_ES\" \/>\n<meta property=\"og:type\" content=\"article\" \/>\n<meta property=\"og:title\" content=\"Accueil - Grandes assises AMP 2022\" \/>\n<meta property=\"og:description\" content=\"Close Les grandes assises Programme Organigramme Ressources m\u00e9dias La librairie Qu\u2019est-ce que l\u2019AMP ? \u00c9pist\u00e9mique et clinique Arguments Fragments bibliographiques Scilicet Dans le monde Correspondants R\u00e9seaux sociaux \u00c9v\u00e9nements pr\u00e9paratoires Paris pas-toute S&#8217;INSCRIRE Menu From The Inside Out Discover Work Luxury RealEstate Discover Work Classic &#038;Modern Discover WorkFacebookTwitter No post found! Test la article Texte FR&hellip;&nbsp;Read More &raquo;Accueil\" \/>\n<meta property=\"og:url\" content=\"https:\/\/www.grandesassisesamp2022.com\/es\/accueil\/\" \/>\n<meta property=\"og:site_name\" content=\"Grandes assises AMP 2022\" \/>\n<meta property=\"article:modified_time\" content=\"2021-04-16T09:29:48+00:00\" \/>\n<meta property=\"og:image\" content=\"https:\/\/www.grandesassisesamp2022.com\/wp-content\/uploads\/2021\/04\/CA-pexels-daria-sannikova-4603577-683x1024.jpg\" \/>\n<meta name=\"twitter:card\" content=\"summary_large_image\" \/>\n<meta name=\"twitter:label1\" content=\"Tiempo de lectura\" \/>\n\t<meta name=\"twitter:data1\" content=\"1 minuto\" \/>\n<script type=\"application\/ld+json\" class=\"yoast-schema-graph\">{\"@context\":\"https:\/\/schema.org\",\"@graph\":[{\"@type\":\"WebPage\",\"@id\":\"https:\/\/www.grandesassisesamp2022.com\/es\/accueil\/\",\"url\":\"https:\/\/www.grandesassisesamp2022.com\/es\/accueil\/\",\"name\":\"Accueil - Grandes assises AMP 2022\",\"isPartOf\":{\"@id\":\"https:\/\/www.grandesassisesamp2022.com\/#website\"},\"datePublished\":\"2021-04-16T08:04:41+00:00\",\"dateModified\":\"2021-04-16T09:29:48+00:00\",\"breadcrumb\":{\"@id\":\"https:\/\/www.grandesassisesamp2022.com\/es\/accueil\/#breadcrumb\"},\"inLanguage\":\"es\",\"potentialAction\":[{\"@type\":\"ReadAction\",\"target\":[\"https:\/\/www.grandesassisesamp2022.com\/es\/accueil\/\"]}]},{\"@type\":\"BreadcrumbList\",\"@id\":\"https:\/\/www.grandesassisesamp2022.com\/es\/accueil\/#breadcrumb\",\"itemListElement\":[{\"@type\":\"ListItem\",\"position\":1,\"name\":\"Accueil\",\"item\":\"https:\/\/www.grandesassisesamp2022.com\/es\/\"},{\"@type\":\"ListItem\",\"position\":2,\"name\":\"Accueil\"}]},{\"@type\":\"WebSite\",\"@id\":\"https:\/\/www.grandesassisesamp2022.com\/#website\",\"url\":\"https:\/\/www.grandesassisesamp2022.com\/\",\"name\":\"Grandes assises AMP 2022\",\"description\":\"Paris\",\"potentialAction\":[{\"@type\":\"SearchAction\",\"target\":{\"@type\":\"EntryPoint\",\"urlTemplate\":\"https:\/\/www.grandesassisesamp2022.com\/?s={search_term_string}\"},\"query-input\":\"required name=search_term_string\"}],\"inLanguage\":\"es\"}]}<\/script>\n<!-- \/ Yoast SEO plugin. -->","yoast_head_json":{"title":"Accueil - Grandes assises AMP 2022","robots":{"index":"index","follow":"follow","max-snippet":"max-snippet:-1","max-image-preview":"max-image-preview:large","max-video-preview":"max-video-preview:-1"},"canonical":"https:\/\/www.grandesassisesamp2022.com\/es\/accueil\/","og_locale":"es_ES","og_type":"article","og_title":"Accueil - Grandes assises AMP 2022","og_description":"Close Les grandes assises Programme Organigramme Ressources m\u00e9dias La librairie Qu\u2019est-ce que l\u2019AMP ? \u00c9pist\u00e9mique et clinique Arguments Fragments bibliographiques Scilicet Dans le monde Correspondants R\u00e9seaux sociaux \u00c9v\u00e9nements pr\u00e9paratoires Paris pas-toute S&#8217;INSCRIRE Menu From The Inside Out Discover Work Luxury RealEstate Discover Work Classic &#038;Modern Discover WorkFacebookTwitter No post found! Test la article Texte FR&hellip;&nbsp;Read More &raquo;Accueil","og_url":"https:\/\/www.grandesassisesamp2022.com\/es\/accueil\/","og_site_name":"Grandes assises AMP 2022","article_modified_time":"2021-04-16T09:29:48+00:00","og_image":[{"url":"https:\/\/www.grandesassisesamp2022.com\/wp-content\/uploads\/2021\/04\/CA-pexels-daria-sannikova-4603577-683x1024.jpg"}],"twitter_card":"summary_large_image","twitter_misc":{"Tiempo de lectura":"1 minuto"},"schema":{"@context":"https:\/\/schema.org","@graph":[{"@type":"WebPage","@id":"https:\/\/www.grandesassisesamp2022.com\/es\/accueil\/","url":"https:\/\/www.grandesassisesamp2022.com\/es\/accueil\/","name":"Accueil - Grandes assises AMP 2022","isPartOf":{"@id":"https:\/\/www.grandesassisesamp2022.com\/#website"},"datePublished":"2021-04-16T08:04:41+00:00","dateModified":"2021-04-16T09:29:48+00:00","breadcrumb":{"@id":"https:\/\/www.grandesassisesamp2022.com\/es\/accueil\/#breadcrumb"},"inLanguage":"es","potentialAction":[{"@type":"ReadAction","target":["https:\/\/www.grandesassisesamp2022.com\/es\/accueil\/"]}]},{"@type":"BreadcrumbList","@id":"https:\/\/www.grandesassisesamp2022.com\/es\/accueil\/#breadcrumb","itemListElement":[{"@type":"ListItem","position":1,"name":"Accueil","item":"https:\/\/www.grandesassisesamp2022.com\/es\/"},{"@type":"ListItem","position":2,"name":"Accueil"}]},{"@type":"WebSite","@id":"https:\/\/www.grandesassisesamp2022.com\/#website","url":"https:\/\/www.grandesassisesamp2022.com\/","name":"Grandes assises AMP 2022","description":"Paris","potentialAction":[{"@type":"SearchAction","target":{"@type":"EntryPoint","urlTemplate":"https:\/\/www.grandesassisesamp2022.com\/?s={search_term_string}"},"query-input":"required name=search_term_string"}],"inLanguage":"es"}]}},"_links":{"self":[{"href":"https:\/\/www.grandesassisesamp2022.com\/es\/wp-json\/wp\/v2\/pages\/6960","targetHints":{"allow":["GET"]}}],"collection":[{"href":"https:\/\/www.grandesassisesamp2022.com\/es\/wp-json\/wp\/v2\/pages"}],"about":[{"href":"https:\/\/www.grandesassisesamp2022.com\/es\/wp-json\/wp\/v2\/types\/page"}],"author":[{"embeddable":true,"href":"https:\/\/www.grandesassisesamp2022.com\/es\/wp-json\/wp\/v2\/users\/1"}],"replies":[{"embeddable":true,"href":"https:\/\/www.grandesassisesamp2022.com\/es\/wp-json\/wp\/v2\/comments?post=6960"}],"version-history":[{"count":7,"href":"https:\/\/www.grandesassisesamp2022.com\/es\/wp-json\/wp\/v2\/pages\/6960\/revisions"}],"predecessor-version":[{"id":7161,"href":"https:\/\/www.grandesassisesamp2022.com\/es\/wp-json\/wp\/v2\/pages\/6960\/revisions\/7161"}],"wp:attachment":[{"href":"https:\/\/www.grandesassisesamp2022.com\/es\/wp-json\/wp\/v2\/media?parent=6960"}],"curies":[{"name":"wp","href":"https:\/\/api.w.org\/{rel}","templated":true}]}}