{"id":7041,"date":"2021-04-16T10:34:41","date_gmt":"2021-04-16T08:34:41","guid":{"rendered":"https:\/\/www.grandesassisesamp2022.com\/home\/what-is-the-wap\/"},"modified":"2022-01-14T09:38:13","modified_gmt":"2022-01-14T08:38:13","slug":"what-is-the-wap","status":"publish","type":"page","link":"https:\/\/www.grandesassisesamp2022.com\/en\/home-2\/what-is-the-wap\/","title":{"rendered":"What is the WAP ?"},"content":{"rendered":"<p class=\"p1\">By Angelina Harari, President of the World Association of Psychoanalysis<\/p>\n<p>The WAP brings together seven Schools, situated in different countries, over different continents. Characterised by the diversity of languages and styles, it is a translinguistic experience which intends to keep the Lacanian orientation and Psychoanalysis alive. All of its members have one thing in common, their theoretical references, their concern for the formation of the analyst, their way of practising psychoanalysis, and their doctrine on the end of analysis. Its members, living in different social and cultural milieu, feel one by one that they form a School ONE, sharing its destiny, sharing as destiny: psychoanalysis.<\/p>\n<p>The existence of the WAP is a consequence of the teaching of Jacques Lacan, as it spread outside of France, as Jacques-Alain Miller noted when he saw a large number of Argentinian colleagues arrive at the Caracas Seminar in 1980, around the teaching of Jacques Lacan, a first in Latin America. Thus, from its birth in 1981, the subject \u00c9cole de la Cause freudienne was already looking beyond its borders. A crucial milestone was the creation of the WAP by Jacques-Alain Miller in 1992. Eight years later, the signifier &#8216;School One&#8217; came to copper fasten the particularity of the WAP, that is, its extimacy. It is the One that unites the Schools beyond their differences and diversity.<\/p>\n\n\n<div class=\"wp-block-image\"><figure class=\"aligncenter size-full\"><img loading=\"lazy\" decoding=\"async\" width=\"171\" height=\"207\" src=\"https:\/\/www.grandesassisesamp2022.com\/wp-content\/uploads\/2022\/01\/image.jpeg\" alt=\"\" class=\"wp-image-11507\"\/><\/figure><\/div>\n\n\n\n<h3 class=\"wp-block-heading\"><span class=\"has-inline-color has-neve-link-color-color\">January 3rd 2022 &#8211; 30 YEARS OF THE ANNOUNCEMENT OF THE CREATION OF THE WAP\u00a0<\/span><\/h3>\n\n\n\n<div class=\"wp-block-columns is-layout-flex wp-container-core-columns-is-layout-9d6595d7 wp-block-columns-is-layout-flex\">\n<div class=\"wp-block-column is-layout-flow wp-block-column-is-layout-flow\">\n<p>\u00abThis January happens to be an important moment in the life of Lacanian Orientation psychoanalysis. Indeed, on January 3rd 1992, in Buenos Aires, Jacques-Alain Miller announced the creation of the WAP.\u00a0<\/p>\n\n\n\n<p>For this reason, the President of the WAP, Angelina Harari, and Jacques-Alain Miller considered of great importance to celebrate this date with the diffusion of this video (you have the possibility to activate the automatic subtitles in Spanish, then you go to settings, click on &#8220;Spanish&#8221;, choose &#8220;automatic translation&#8221; and &#8220;English&#8221;.\u00a0<\/p>\n\n\n\n<p>My best wishes for 2022,<\/p>\n\n\n\n<p>Yours sincerely,\u00a0\u00bb<br><em>Andrea Zelaya<br>President of the EOL<\/em><\/p>\n<\/div>\n\n\n\n<div class=\"wp-block-column is-layout-flow wp-block-column-is-layout-flow\">\n<figure class=\"wp-block-embed is-type-video is-provider-youtube wp-block-embed-youtube wp-embed-aspect-4-3 wp-has-aspect-ratio\"><div class=\"wp-block-embed__wrapper\">\n<div class=\"nv-iframe-embed\"><iframe loading=\"lazy\" title=\"A 30 a\u00f1os de la fundaci\u00f3n de la EOL. Anuncio por J.-A Miller de la creaci\u00f3nde la AMP.\" width=\"1200\" height=\"900\" src=\"https:\/\/www.youtube.com\/embed\/U60UZTe9Pzk?feature=oembed\" frameborder=\"0\" allow=\"accelerometer; autoplay; clipboard-write; encrypted-media; gyroscope; picture-in-picture\" allowfullscreen><\/iframe><\/div>\n<\/div><\/figure>\n<\/div>\n<\/div>\n","protected":false},"excerpt":{"rendered":"<p>By Angelina Harari, President of the World Association of Psychoanalysis The WAP brings together seven Schools, situated in different countries, over different continents. Characterised by the diversity of languages and styles, it is a translinguistic experience which intends to keep the Lacanian orientation and Psychoanalysis alive. All of its members have one thing in common,&hellip;&nbsp;<a href=\"https:\/\/www.grandesassisesamp2022.com\/en\/home-2\/what-is-the-wap\/\" class=\"\" rel=\"bookmark\">Read More &raquo;<span class=\"screen-reader-text\">What is the WAP ?<\/span><\/a><\/p>\n","protected":false},"author":13,"featured_media":6548,"parent":7557,"menu_order":4,"comment_status":"closed","ping_status":"closed","template":"","meta":{"neve_meta_sidebar":"full-width","neve_meta_container":"","neve_meta_enable_content_width":"","neve_meta_content_width":0,"neve_meta_title_alignment":"","neve_meta_author_avatar":"","neve_post_elements_order":"","neve_meta_disable_header":"","neve_meta_disable_footer":"","neve_meta_disable_title":"off","footnotes":""},"class_list":["post-7041","page","type-page","status-publish","has-post-thumbnail","hentry"],"acf":[],"yoast_head":"<!-- This site is optimized with the Yoast SEO plugin v20.1 - https:\/\/yoast.com\/wordpress\/plugins\/seo\/ -->\n<title>What is the WAP ? - Grandes assises AMP 2022<\/title>\n<meta name=\"robots\" content=\"index, follow, max-snippet:-1, max-image-preview:large, max-video-preview:-1\" \/>\n<link rel=\"canonical\" href=\"https:\/\/www.grandesassisesamp2022.com\/en\/home-2\/what-is-the-wap\/\" \/>\n<meta property=\"og:locale\" content=\"en_US\" \/>\n<meta property=\"og:type\" content=\"article\" \/>\n<meta property=\"og:title\" content=\"What is the WAP ? - Grandes assises AMP 2022\" \/>\n<meta property=\"og:description\" content=\"By Angelina Harari, President of the World Association of Psychoanalysis The WAP brings together seven Schools, situated in different countries, over different continents. Characterised by the diversity of languages and styles, it is a translinguistic experience which intends to keep the Lacanian orientation and Psychoanalysis alive. All of its members have one thing in common,&hellip;&nbsp;Read More &raquo;What is the WAP ?\" \/>\n<meta property=\"og:url\" content=\"https:\/\/www.grandesassisesamp2022.com\/en\/home-2\/what-is-the-wap\/\" \/>\n<meta property=\"og:site_name\" content=\"Grandes assises AMP 2022\" \/>\n<meta property=\"article:modified_time\" content=\"2022-01-14T08:38:13+00:00\" \/>\n<meta property=\"og:image\" content=\"https:\/\/www.grandesassisesamp2022.com\/wp-content\/uploads\/2021\/04\/nasa-Q1p7bh3SHj8-unsplash.jpg\" \/>\n\t<meta property=\"og:image:width\" content=\"1600\" \/>\n\t<meta property=\"og:image:height\" content=\"400\" \/>\n\t<meta property=\"og:image:type\" content=\"image\/jpeg\" \/>\n<meta name=\"twitter:card\" content=\"summary_large_image\" \/>\n<meta name=\"twitter:label1\" content=\"Est. reading time\" \/>\n\t<meta name=\"twitter:data1\" content=\"2 minutes\" \/>\n<script type=\"application\/ld+json\" class=\"yoast-schema-graph\">{\"@context\":\"https:\/\/schema.org\",\"@graph\":[{\"@type\":\"WebPage\",\"@id\":\"https:\/\/www.grandesassisesamp2022.com\/en\/home-2\/what-is-the-wap\/\",\"url\":\"https:\/\/www.grandesassisesamp2022.com\/en\/home-2\/what-is-the-wap\/\",\"name\":\"What is the WAP ? - Grandes assises AMP 2022\",\"isPartOf\":{\"@id\":\"https:\/\/www.grandesassisesamp2022.com\/#website\"},\"datePublished\":\"2021-04-16T08:34:41+00:00\",\"dateModified\":\"2022-01-14T08:38:13+00:00\",\"breadcrumb\":{\"@id\":\"https:\/\/www.grandesassisesamp2022.com\/en\/home-2\/what-is-the-wap\/#breadcrumb\"},\"inLanguage\":\"en-US\",\"potentialAction\":[{\"@type\":\"ReadAction\",\"target\":[\"https:\/\/www.grandesassisesamp2022.com\/en\/home-2\/what-is-the-wap\/\"]}]},{\"@type\":\"BreadcrumbList\",\"@id\":\"https:\/\/www.grandesassisesamp2022.com\/en\/home-2\/what-is-the-wap\/#breadcrumb\",\"itemListElement\":[{\"@type\":\"ListItem\",\"position\":1,\"name\":\"Accueil\",\"item\":\"https:\/\/www.grandesassisesamp2022.com\/en\/\"},{\"@type\":\"ListItem\",\"position\":2,\"name\":\"Home\",\"item\":\"https:\/\/www.grandesassisesamp2022.com\/en\/\"},{\"@type\":\"ListItem\",\"position\":3,\"name\":\"What is the WAP ?\"}]},{\"@type\":\"WebSite\",\"@id\":\"https:\/\/www.grandesassisesamp2022.com\/#website\",\"url\":\"https:\/\/www.grandesassisesamp2022.com\/\",\"name\":\"Grandes assises AMP 2022\",\"description\":\"Paris\",\"potentialAction\":[{\"@type\":\"SearchAction\",\"target\":{\"@type\":\"EntryPoint\",\"urlTemplate\":\"https:\/\/www.grandesassisesamp2022.com\/?s={search_term_string}\"},\"query-input\":\"required name=search_term_string\"}],\"inLanguage\":\"en-US\"}]}<\/script>\n<!-- \/ Yoast SEO plugin. -->","yoast_head_json":{"title":"What is the WAP ? - Grandes assises AMP 2022","robots":{"index":"index","follow":"follow","max-snippet":"max-snippet:-1","max-image-preview":"max-image-preview:large","max-video-preview":"max-video-preview:-1"},"canonical":"https:\/\/www.grandesassisesamp2022.com\/en\/home-2\/what-is-the-wap\/","og_locale":"en_US","og_type":"article","og_title":"What is the WAP ? - Grandes assises AMP 2022","og_description":"By Angelina Harari, President of the World Association of Psychoanalysis The WAP brings together seven Schools, situated in different countries, over different continents. Characterised by the diversity of languages and styles, it is a translinguistic experience which intends to keep the Lacanian orientation and Psychoanalysis alive. All of its members have one thing in common,&hellip;&nbsp;Read More &raquo;What is the WAP ?","og_url":"https:\/\/www.grandesassisesamp2022.com\/en\/home-2\/what-is-the-wap\/","og_site_name":"Grandes assises AMP 2022","article_modified_time":"2022-01-14T08:38:13+00:00","og_image":[{"width":1600,"height":400,"url":"https:\/\/www.grandesassisesamp2022.com\/wp-content\/uploads\/2021\/04\/nasa-Q1p7bh3SHj8-unsplash.jpg","type":"image\/jpeg"}],"twitter_card":"summary_large_image","twitter_misc":{"Est. reading time":"2 minutes"},"schema":{"@context":"https:\/\/schema.org","@graph":[{"@type":"WebPage","@id":"https:\/\/www.grandesassisesamp2022.com\/en\/home-2\/what-is-the-wap\/","url":"https:\/\/www.grandesassisesamp2022.com\/en\/home-2\/what-is-the-wap\/","name":"What is the WAP ? - Grandes assises AMP 2022","isPartOf":{"@id":"https:\/\/www.grandesassisesamp2022.com\/#website"},"datePublished":"2021-04-16T08:34:41+00:00","dateModified":"2022-01-14T08:38:13+00:00","breadcrumb":{"@id":"https:\/\/www.grandesassisesamp2022.com\/en\/home-2\/what-is-the-wap\/#breadcrumb"},"inLanguage":"en-US","potentialAction":[{"@type":"ReadAction","target":["https:\/\/www.grandesassisesamp2022.com\/en\/home-2\/what-is-the-wap\/"]}]},{"@type":"BreadcrumbList","@id":"https:\/\/www.grandesassisesamp2022.com\/en\/home-2\/what-is-the-wap\/#breadcrumb","itemListElement":[{"@type":"ListItem","position":1,"name":"Accueil","item":"https:\/\/www.grandesassisesamp2022.com\/en\/"},{"@type":"ListItem","position":2,"name":"Home","item":"https:\/\/www.grandesassisesamp2022.com\/en\/"},{"@type":"ListItem","position":3,"name":"What is the WAP ?"}]},{"@type":"WebSite","@id":"https:\/\/www.grandesassisesamp2022.com\/#website","url":"https:\/\/www.grandesassisesamp2022.com\/","name":"Grandes assises AMP 2022","description":"Paris","potentialAction":[{"@type":"SearchAction","target":{"@type":"EntryPoint","urlTemplate":"https:\/\/www.grandesassisesamp2022.com\/?s={search_term_string}"},"query-input":"required name=search_term_string"}],"inLanguage":"en-US"}]}},"_links":{"self":[{"href":"https:\/\/www.grandesassisesamp2022.com\/en\/wp-json\/wp\/v2\/pages\/7041","targetHints":{"allow":["GET"]}}],"collection":[{"href":"https:\/\/www.grandesassisesamp2022.com\/en\/wp-json\/wp\/v2\/pages"}],"about":[{"href":"https:\/\/www.grandesassisesamp2022.com\/en\/wp-json\/wp\/v2\/types\/page"}],"author":[{"embeddable":true,"href":"https:\/\/www.grandesassisesamp2022.com\/en\/wp-json\/wp\/v2\/users\/13"}],"replies":[{"embeddable":true,"href":"https:\/\/www.grandesassisesamp2022.com\/en\/wp-json\/wp\/v2\/comments?post=7041"}],"version-history":[{"count":36,"href":"https:\/\/www.grandesassisesamp2022.com\/en\/wp-json\/wp\/v2\/pages\/7041\/revisions"}],"predecessor-version":[{"id":11640,"href":"https:\/\/www.grandesassisesamp2022.com\/en\/wp-json\/wp\/v2\/pages\/7041\/revisions\/11640"}],"up":[{"embeddable":true,"href":"https:\/\/www.grandesassisesamp2022.com\/en\/wp-json\/wp\/v2\/pages\/7557"}],"wp:featuredmedia":[{"embeddable":true,"href":"https:\/\/www.grandesassisesamp2022.com\/en\/wp-json\/wp\/v2\/media\/6548"}],"wp:attachment":[{"href":"https:\/\/www.grandesassisesamp2022.com\/en\/wp-json\/wp\/v2\/media?parent=7041"}],"curies":[{"name":"wp","href":"https:\/\/api.w.org\/{rel}","templated":true}]}}